{"id":56368,"date":"2025-12-04T16:26:27","date_gmt":"2025-12-04T14:26:27","guid":{"rendered":"https:\/\/nordeko.lv\/?page_id=56368"},"modified":"2025-12-04T16:36:04","modified_gmt":"2025-12-04T14:36:04","slug":"sikdatnu-politika","status":"publish","type":"page","link":"https:\/\/nordeko.lv\/lv\/sikdatnu-politika\/","title":{"rendered":"Priv\u0101tuma politika"},"content":{"rendered":"\t\t<div data-elementor-type=\"wp-page\" data-elementor-id=\"56368\" class=\"elementor elementor-56368\" data-elementor-post-type=\"page\">\n\t\t\t\t\t\t<section class=\"elementor-section elementor-top-section elementor-element elementor-element-60f0bcf5 elementor-section-boxed elementor-section-height-default elementor-section-height-default\" data-id=\"60f0bcf5\" data-element_type=\"section\" data-e-type=\"section\">\n\t\t\t\t\t\t<div class=\"elementor-container elementor-column-gap-default\">\n\t\t\t\t\t<div class=\"elementor-column elementor-col-100 elementor-top-column elementor-element elementor-element-2d33e567\" data-id=\"2d33e567\" data-element_type=\"column\" data-e-type=\"column\">\n\t\t\t<div class=\"elementor-widget-wrap elementor-element-populated\">\n\t\t\t\t\t\t<div class=\"elementor-element elementor-element-1252a508 color-scheme-inherit text-left elementor-widget elementor-widget-text-editor\" data-id=\"1252a508\" data-element_type=\"widget\" data-e-type=\"widget\" data-widget_type=\"text-editor.default\">\n\t\t\t\t<div class=\"elementor-widget-container\">\n\t\t\t\t\t\t\t\t\t\n<h3 class=\"wp-block-heading\">S\u012bkdat\u0146u Politika<\/h3>\n\n<p>M\u0113s, Nordeko, augstu v\u0113rt\u0113jam j\u016bsu priv\u0101tumu un esam ap\u0146\u0113mu\u0161ies aizsarg\u0101t j\u016bsu personas datus. \u0160aj\u0101 s\u012bkdat\u0146u politik\u0101 m\u0113s paskaidrojam, k\u0101das s\u012bkdatnes m\u0113s izmantojam m\u016bsu m\u0101jaslap\u0101 <a class=\"decorated-link cursor-pointer\" target=\"_new\" rel=\"noopener\">www.nordeko.area.lv<\/a>\u00a0(turpm\u0101k tekst\u0101 &#8220;m\u0113s&#8221;), k\u0101 ar\u012b to m\u0113r\u0137us un j\u016bsu ties\u012bbas saist\u012bb\u0101 ar s\u012bkdat\u0146u izmanto\u0161anu.<\/p>\n\n<h3 class=\"wp-block-heading\">Kas ir s\u012bkdatnes?<\/h3>\n\n<p>S\u012bkdatnes ir mazi teksta faili, kas tiek ievietoti j\u016bsu ier\u012bc\u0113, kad apmekl\u0113jat M\u0101jaslapu. S\u012bkdatnes \u013cauj mums uzglab\u0101t inform\u0101ciju par j\u016bsu izv\u0113l\u0113m, lai uzlabotu j\u016bsu pieredzi un sniegtu personaliz\u0113tus pakalpojumus. T\u0101s tiek izmantotas ar\u012b anal\u012btikai un rekl\u0101mu r\u0101d\u012b\u0161anai.<\/p>\n\n<h3 class=\"wp-block-heading\">K\u0101das s\u012bkdatnes m\u0113s izmantojam?<\/h3>\n\n<ol>\n<li data-start=\"987\" data-end=\"1293\">\n<p data-start=\"990\" data-end=\"1293\"><strong data-start=\"990\" data-end=\"1013\">Oblig\u0101t\u0101s s\u012bkdatnes<\/strong><br data-start=\"1013\" data-end=\"1016\" \/>\u0160\u012bs s\u012bkdatnes ir nepiecie\u0161amas, lai M\u0101jaslapa pareizi darbotos. T\u0101s \u013cauj veikt pamata funkcijas, piem\u0113ram, pre\u010du pievieno\u0161anu iepirkumu grozam, pirkuma veik\u0161anu un piek\u013cuvi dro\u0161\u0101m sada\u013c\u0101m.<br data-start=\"1207\" data-end=\"1210\" \/>Piem\u0113ri: WooCommerce sesijas s\u012bkdatnes, kas saglab\u0101 iepirkumu groza inform\u0101ciju.<\/p>\n<\/li>\n<li data-start=\"1295\" data-end=\"1573\">\n<p data-start=\"1298\" data-end=\"1573\"><strong data-start=\"1298\" data-end=\"1328\">Funkcionalit\u0101tes s\u012bkdatnes<\/strong><br data-start=\"1328\" data-end=\"1331\" \/>\u0160\u012bs s\u012bkdatnes tiek izmantotas, lai atcer\u0113tos j\u016bsu izv\u0113les, piem\u0113ram, izv\u0113l\u0113to valodu vai val\u016btu, lai uzlabotu j\u016bsu lietot\u0101ja pieredzi.<br data-start=\"1468\" data-end=\"1471\" \/>Piem\u0113rs: S\u012bkdatnes, kas saglab\u0101 j\u016bsu izv\u0113l\u0113t\u0101s valodas, ja izv\u0113laties main\u012bt valodu m\u016bsu m\u0101jaslap\u0101.<\/p>\n<\/li>\n<li data-start=\"1575\" data-end=\"1894\">\n<p data-start=\"1578\" data-end=\"1894\"><strong data-start=\"1578\" data-end=\"1603\">Anal\u012btisk\u0101s s\u012bkdatnes<\/strong><br data-start=\"1603\" data-end=\"1606\" \/>M\u0113s izmantojam Google Analytics, lai analiz\u0113tu M\u0101jaslapas apmekl\u0113t\u0101ju uzved\u012bbu, kas pal\u012bdz mums uzlabot m\u016bsu pakalpojumus un pied\u0101v\u0101jumu.<br data-start=\"1746\" data-end=\"1749\" \/>Piem\u0113ri: Google Analytics s\u012bkdatnes, kas re\u0123istr\u0113 inform\u0101ciju par j\u016bsu apmekl\u0113jumu, piem\u0113ram, apmekl\u0113t\u0101s lapas, apmekl\u0113juma ilgumu un trafiku.<\/p>\n<\/li>\n<li data-start=\"1896\" data-end=\"2163\">\n<p data-start=\"1899\" data-end=\"2163\"><strong data-start=\"1899\" data-end=\"1921\">Rekl\u0101mas s\u012bkdatnes<\/strong><br data-start=\"1921\" data-end=\"1924\" \/>\u0160\u012bs s\u012bkdatnes tiek izmantotas, lai r\u0101d\u012btu piel\u0101gotas rekl\u0101mas un m\u0101rketinga zi\u0146ojumus, pamatojoties uz j\u016bsu uzved\u012bbu M\u0101jaslap\u0101 un \u0101rpus t\u0101s.<br data-start=\"2067\" data-end=\"2070\" \/>Piem\u0113ri: S\u012bkdatnes, kas \u013cauj Google Ads r\u0101d\u012bt rekl\u0101mas, kas ir atbilsto\u0161as j\u016bsu interes\u0113m.<\/p>\n<\/li>\n<\/ol>\n\n<h3 class=\"wp-block-heading\">S\u012bkdat\u0146u p\u0101rvald\u012bba<\/h3>\n\n<p data-start=\"2190\" data-end=\"2494\">J\u016bs varat kontrol\u0113t un dz\u0113st s\u012bkdatnes p\u0113c saviem ieskatiem. J\u016bs varat main\u012bt p\u0101rl\u016bkprogrammas iestat\u012bjumus, lai at\u013cautu vai aizliegtu s\u012bkdat\u0146u izmanto\u0161anu vai dz\u0113stu jau saglab\u0101t\u0101s s\u012bkdatnes. \u0145emiet v\u0113r\u0101, ka, ja j\u016bs nolemjat atsl\u0113gt da\u017eas s\u012bkdatnes, tas var ietekm\u0113t M\u0101jaslapas darb\u012bbu un j\u016bsu pieredzi.<\/p>\n<p data-start=\"2496\" data-end=\"2592\">Lai ieg\u016btu vair\u0101k inform\u0101cijas par to, k\u0101 p\u0101rvald\u012bt s\u012bkdatnes, l\u016bdzu, apmekl\u0113jiet \u0161\u0101das vietnes:<\/p>\n<ul data-start=\"2593\" data-end=\"2732\">\n<li data-start=\"2593\" data-end=\"2674\">\n<p data-start=\"2595\" data-end=\"2674\"><a class=\"decorated-link cursor-pointer\" href=\"https:\/\/policies.google.com\/technologies\/managing\" target=\"_new\" rel=\"noopener\" data-start=\"2595\" data-end=\"2674\">Google s\u012bkdat\u0146u p\u0101rvald\u012bba<\/a><\/p>\n<\/li>\n<li data-start=\"2675\" data-end=\"2732\">\n<p data-start=\"2677\" data-end=\"2732\"><a class=\"decorated-link cursor-pointer\" href=\"http:\/\/www.youronlinechoices.eu\/\" target=\"_new\" rel=\"noopener\" data-start=\"2677\" data-end=\"2732\">Your Online Choices<\/a><\/p>\n<\/li>\n<\/ul>\n\n<h3 class=\"wp-block-heading\">K\u0101 main\u012bt valodu?<\/h3>\n\n<p data-start=\"2757\" data-end=\"2968\">M\u016bsu M\u0101jaslap\u0101 ir pieejama valodas mai\u0146a, un s\u012bkdatnes tiek izmantotas, lai saglab\u0101tu j\u016bsu izv\u0113l\u0113to valodu. Ja v\u0113laties main\u012bt valodu, vienk\u0101r\u0161i izv\u0113lieties v\u0113lamo valodu lapas aug\u0161pus\u0113 eso\u0161aj\u0101 valodas izv\u0113ln\u0113.<\/p>\n<h3 data-start=\"2970\" data-end=\"2987\">J\u016bsu ties\u012bbas<\/h3>\n<p data-start=\"2989\" data-end=\"3006\">Jums ir ties\u012bbas:<\/p>\n<ul data-start=\"3007\" data-end=\"3273\">\n<li data-start=\"3007\" data-end=\"3109\">\n<p data-start=\"3009\" data-end=\"3109\">Piepras\u012bt piek\u013cuvi saviem personas datiem, ko m\u0113s apstr\u0101d\u0101jam, un piepras\u012bt to labo\u0161anu vai dz\u0113\u0161anu.<\/p>\n<\/li>\n<li data-start=\"3110\" data-end=\"3167\">\n<p data-start=\"3112\" data-end=\"3167\">Ierobe\u017eot vai iebilst pret savu personas datu apstr\u0101di.<\/p>\n<\/li>\n<li data-start=\"3168\" data-end=\"3273\">\n<p data-start=\"3170\" data-end=\"3273\">Atsaukt piekri\u0161anu s\u012bkdat\u0146u izmanto\u0161anai jebkur\u0101 laik\u0101, atjaunojot savus p\u0101rl\u016bkprogrammas iestat\u012bjumus.<\/p>\n<\/li>\n<\/ul>\n<p data-start=\"3275\" data-end=\"3427\">Ja jums ir jaut\u0101jumi par \u0161o s\u012bkdat\u0146u politiku vai par j\u016bsu datu aizsardz\u012bbu, l\u016bdzu, sazinieties ar mums, rakstot uz e-pastu: <a href=\"mailto:info@nordeko.lv\">info@nordeko.lv<\/a><\/p>\n\n<h3 class=\"wp-block-heading\">K\u0101 sazin\u0101ties ar mums?<\/h3>\n\n<p data-start=\"3457\" data-end=\"3678\">Ja jums ir k\u0101di jaut\u0101jumi vai ba\u017eas par \u0161o s\u012bkdat\u0146u politiku, l\u016bdzu, sazinieties ar mums, rakstot uz:<br data-start=\"3558\" data-end=\"3561\" \/><strong data-start=\"3561\" data-end=\"3573\">E-pasts:<\/strong>\u00a0<a href=\"mailto:info@nordeko.lv\">info@nordeko.lv<\/a><br data-start=\"3600\" data-end=\"3603\" \/><strong data-start=\"3603\" data-end=\"3614\">Adrese:<\/strong> R\u012bga, Ulbrokas iela 44H, LV-1021<br data-start=\"3637\" data-end=\"3640\" \/><strong data-start=\"3640\" data-end=\"3653\">Telefons:<\/strong> 26651074<\/p>\n\t\t\t\t\t\t\t\t<\/div>\n\t\t\t\t<\/div>\n\t\t\t\t\t<\/div>\n\t\t<\/div>\n\t\t\t\t\t<\/div>\n\t\t<\/section>\n\t\t\t\t<\/div>\n\t\t","protected":false},"excerpt":{"rendered":"<p>S\u012bkdat\u0146u Politika M\u0113s, Nordeko, augstu v\u0113rt\u0113jam j\u016bsu priv\u0101tumu un esam ap\u0146\u0113mu\u0161ies aizsarg\u0101t j\u016bsu personas datus. \u0160aj\u0101 s\u012bkdat\u0146u politik\u0101 m\u0113s paskaidrojam,<\/p>\n","protected":false},"author":25,"featured_media":0,"parent":0,"menu_order":0,"comment_status":"closed","ping_status":"closed","template":"","meta":{"footnotes":""},"class_list":["post-56368","page","type-page","status-publish","hentry"],"_links":{"self":[{"href":"https:\/\/nordeko.lv\/lv\/wp-json\/wp\/v2\/pages\/56368","targetHints":{"allow":["GET"]}}],"collection":[{"href":"https:\/\/nordeko.lv\/lv\/wp-json\/wp\/v2\/pages"}],"about":[{"href":"https:\/\/nordeko.lv\/lv\/wp-json\/wp\/v2\/types\/page"}],"author":[{"embeddable":true,"href":"https:\/\/nordeko.lv\/lv\/wp-json\/wp\/v2\/users\/25"}],"replies":[{"embeddable":true,"href":"https:\/\/nordeko.lv\/lv\/wp-json\/wp\/v2\/comments?post=56368"}],"version-history":[{"count":4,"href":"https:\/\/nordeko.lv\/lv\/wp-json\/wp\/v2\/pages\/56368\/revisions"}],"predecessor-version":[{"id":56373,"href":"https:\/\/nordeko.lv\/lv\/wp-json\/wp\/v2\/pages\/56368\/revisions\/56373"}],"wp:attachment":[{"href":"https:\/\/nordeko.lv\/lv\/wp-json\/wp\/v2\/media?parent=56368"}],"curies":[{"name":"wp","href":"https:\/\/api.w.org\/{rel}","templated":true}]}}