{"id":29414,"date":"2024-09-29T21:03:16","date_gmt":"2024-09-29T19:03:16","guid":{"rendered":"https:\/\/nw.nordeko.area.lv\/?post_type=product&#038;p=29414"},"modified":"2026-03-25T13:56:15","modified_gmt":"2026-03-25T11:56:15","slug":"gridas-skapja-korpuss-135","status":"publish","type":"product","link":"https:\/\/nordeko.lv\/lv\/gridas-korpusi\/gridas-skapja-korpuss-135\/","title":{"rendered":"Gr\u012bdas skapja korpuss (gala atv\u0113rtais 300 mm)"},"content":{"rendered":"<p>Iepakots kartona kast\u0113.Komplekt\u0101cij\u0101 skr\u016bves un tapas korupusa salik\u0161anai.<\/p>\n<p>&nbsp;<\/p>\n<p>Atsevi\u0161\u0137i var ieg\u0101d\u0101ties plastmasas cokola k\u0101jas 100 mm vai 150 mm augstum\u0101 :<\/p>\n<p><a href=\"http:\/\/www.nordeko.lv\/lv\/mebelu-kajinas\/\">http:\/\/www.nordeko.lv\/lv\/mebelu-kajinas\/<\/a><\/p>\n","protected":false},"excerpt":{"rendered":"<p>Iepakots kartona kast\u0113.Komplekt\u0101cij\u0101 skr\u016bves un tapas korupusa salik\u0161anai. &nbsp; Atsevi\u0161\u0137i var ieg\u0101d\u0101ties plastmasas cokola k\u0101jas 100 mm vai 150 mm<\/p>\n","protected":false},"featured_media":29455,"comment_status":"closed","ping_status":"closed","template":"","meta":[],"product_brand":[],"product_cat":[1424],"product_tag":[],"class_list":{"0":"post-29414","1":"product","2":"type-product","3":"status-publish","4":"has-post-thumbnail","6":"product_cat-virtuves-gridas-korpusi-balti","8":"first","9":"instock","10":"taxable","11":"shipping-taxable","12":"purchasable","13":"product-type-simple"},"_links":{"self":[{"href":"https:\/\/nordeko.lv\/lv\/wp-json\/wp\/v2\/product\/29414","targetHints":{"allow":["GET"]}}],"collection":[{"href":"https:\/\/nordeko.lv\/lv\/wp-json\/wp\/v2\/product"}],"about":[{"href":"https:\/\/nordeko.lv\/lv\/wp-json\/wp\/v2\/types\/product"}],"replies":[{"embeddable":true,"href":"https:\/\/nordeko.lv\/lv\/wp-json\/wp\/v2\/comments?post=29414"}],"version-history":[{"count":2,"href":"https:\/\/nordeko.lv\/lv\/wp-json\/wp\/v2\/product\/29414\/revisions"}],"predecessor-version":[{"id":48383,"href":"https:\/\/nordeko.lv\/lv\/wp-json\/wp\/v2\/product\/29414\/revisions\/48383"}],"wp:featuredmedia":[{"embeddable":true,"href":"https:\/\/nordeko.lv\/lv\/wp-json\/wp\/v2\/media\/29455"}],"wp:attachment":[{"href":"https:\/\/nordeko.lv\/lv\/wp-json\/wp\/v2\/media?parent=29414"}],"wp:term":[{"taxonomy":"product_brand","embeddable":true,"href":"https:\/\/nordeko.lv\/lv\/wp-json\/wp\/v2\/product_brand?post=29414"},{"taxonomy":"product_cat","embeddable":true,"href":"https:\/\/nordeko.lv\/lv\/wp-json\/wp\/v2\/product_cat?post=29414"},{"taxonomy":"product_tag","embeddable":true,"href":"https:\/\/nordeko.lv\/lv\/wp-json\/wp\/v2\/product_tag?post=29414"}],"curies":[{"name":"wp","href":"https:\/\/api.w.org\/{rel}","templated":true}]}}