{"id":29432,"date":"2024-09-29T21:03:18","date_gmt":"2024-09-29T19:03:18","guid":{"rendered":"https:\/\/nw.nordeko.area.lv\/?post_type=product&#038;p=29432"},"modified":"2026-03-25T13:52:02","modified_gmt":"2026-03-25T11:52:02","slug":"gridas-skapja-korpuss-zemais-153","status":"publish","type":"product","link":"https:\/\/nordeko.lv\/lv\/gridas-korpusi\/gridas-skapja-korpuss-zemais-153\/","title":{"rendered":"Gr\u012bdas skapja korpuss zemais (1000 mm)"},"content":{"rendered":"<p>Iepakots kartona kast\u0113.Komplekt\u0101cij\u0101 skr\u016bves un tapas korupusa salik\u0161anai.<\/p>\n<p>&nbsp;<\/p>\n<p>Atsevi\u0161\u0137i var ieg\u0101d\u0101ties plastmasas cokola k\u0101jas 100 mm vai 150 mm augstum\u0101 :<\/p>\n<p><span style=\"color: #000000;\"><strong><a style=\"color: #000000;\" href=\"http:\/\/www.nordeko.lv\/lv\/mebelu-kajinas\/\">http:\/\/www.nordeko.lv\/lv\/mebelu-kajinas\/<\/a><\/strong><\/span><\/p>\n<p><span style=\"color: #000000;\">Skap\u012bti var komplekt\u0113t ar atvilktn\u0113m :<\/span><\/p>\n<p><strong><span style=\"color: #000000;\"><a style=\"color: #000000;\" href=\"https:\/\/nordeko.lv\/lv\/fgv2-atvilktnes-baltas\/\">https:\/\/nordeko.lv\/lv\/fgv2-atvilktnes-baltas\/<\/a><\/span><\/strong><\/p>\n<p><strong><span style=\"color: #000000;\"><a style=\"color: #000000;\" href=\"https:\/\/nordeko.lv\/wp-content\/uploads\/2024\/09\/KY-Saliksanas-instrukcija.pdf\">KY skapja salik\u0161anas instrukcija<\/a><\/span><\/strong><\/p>\n<p>&nbsp;<\/p>\n<p>Vai izmantot bez k\u0101j\u0101m ka antersola\u00a0korpusu\u00a0virs augstiem korpusiem\u00a0KRO; MK; KK; KKK; KK6UM<\/p>\n<p><a href=\"https:\/\/nordeko.lv\/wp-content\/uploads\/2024\/09\/1.png\"><img loading=\"lazy\" decoding=\"async\" class=\"alignnone size-medium wp-image-48327\" src=\"https:\/\/nordeko.lv\/wp-content\/uploads\/2024\/09\/1-400x272.png\" alt=\"\" width=\"400\" height=\"272\" srcset=\"https:\/\/nordeko.lv\/wp-content\/uploads\/2024\/09\/1-400x272.png 400w, https:\/\/nordeko.lv\/wp-content\/uploads\/2024\/09\/1-1177x800.png 1177w, https:\/\/nordeko.lv\/wp-content\/uploads\/2024\/09\/1-768x522.png 768w, https:\/\/nordeko.lv\/wp-content\/uploads\/2024\/09\/1-18x12.png 18w, https:\/\/nordeko.lv\/wp-content\/uploads\/2024\/09\/1-430x292.png 430w, https:\/\/nordeko.lv\/wp-content\/uploads\/2024\/09\/1-700x476.png 700w, https:\/\/nordeko.lv\/wp-content\/uploads\/2024\/09\/1-150x102.png 150w, https:\/\/nordeko.lv\/wp-content\/uploads\/2024\/09\/1.png 1186w\" sizes=\"auto, (max-width: 400px) 100vw, 400px\" \/><\/a><\/p>\n<p><a href=\"https:\/\/nordeko.lv\/wp-content\/uploads\/2024\/09\/2.png\"><img loading=\"lazy\" decoding=\"async\" class=\"alignnone size-medium wp-image-48328\" src=\"https:\/\/nordeko.lv\/wp-content\/uploads\/2024\/09\/2-208x300.png\" alt=\"\" width=\"208\" height=\"300\" srcset=\"https:\/\/nordeko.lv\/wp-content\/uploads\/2024\/09\/2-208x300.png 208w, https:\/\/nordeko.lv\/wp-content\/uploads\/2024\/09\/2-8x12.png 8w, https:\/\/nordeko.lv\/wp-content\/uploads\/2024\/09\/2-430x619.png 430w, https:\/\/nordeko.lv\/wp-content\/uploads\/2024\/09\/2-150x216.png 150w, https:\/\/nordeko.lv\/wp-content\/uploads\/2024\/09\/2.png 543w\" sizes=\"auto, (max-width: 208px) 100vw, 208px\" \/><\/a> <a href=\"https:\/\/nordeko.lv\/wp-content\/uploads\/2024\/09\/3.png\"><img loading=\"lazy\" decoding=\"async\" class=\"alignnone size-medium wp-image-48329\" src=\"https:\/\/nordeko.lv\/wp-content\/uploads\/2024\/09\/3-193x300.png\" alt=\"\" width=\"193\" height=\"300\" srcset=\"https:\/\/nordeko.lv\/wp-content\/uploads\/2024\/09\/3-193x300.png 193w, https:\/\/nordeko.lv\/wp-content\/uploads\/2024\/09\/3-514x800.png 514w, https:\/\/nordeko.lv\/wp-content\/uploads\/2024\/09\/3-8x12.png 8w, https:\/\/nordeko.lv\/wp-content\/uploads\/2024\/09\/3-430x670.png 430w, https:\/\/nordeko.lv\/wp-content\/uploads\/2024\/09\/3-150x234.png 150w, https:\/\/nordeko.lv\/wp-content\/uploads\/2024\/09\/3.png 533w\" sizes=\"auto, (max-width: 193px) 100vw, 193px\" \/><\/a><\/p>\n","protected":false},"excerpt":{"rendered":"<p>Iepakots kartona kast\u0113.Komplekt\u0101cij\u0101 skr\u016bves un tapas korupusa salik\u0161anai. &nbsp; Atsevi\u0161\u0137i var ieg\u0101d\u0101ties plastmasas cokola k\u0101jas 100 mm vai 150 mm<\/p>\n","protected":false},"featured_media":29519,"comment_status":"closed","ping_status":"closed","template":"","meta":[],"product_brand":[],"product_cat":[1424],"product_tag":[],"class_list":{"0":"post-29432","1":"product","2":"type-product","3":"status-publish","4":"has-post-thumbnail","6":"product_cat-virtuves-gridas-korpusi-balti","8":"first","9":"instock","10":"taxable","11":"shipping-taxable","12":"purchasable","13":"product-type-simple"},"_links":{"self":[{"href":"https:\/\/nordeko.lv\/lv\/wp-json\/wp\/v2\/product\/29432","targetHints":{"allow":["GET"]}}],"collection":[{"href":"https:\/\/nordeko.lv\/lv\/wp-json\/wp\/v2\/product"}],"about":[{"href":"https:\/\/nordeko.lv\/lv\/wp-json\/wp\/v2\/types\/product"}],"replies":[{"embeddable":true,"href":"https:\/\/nordeko.lv\/lv\/wp-json\/wp\/v2\/comments?post=29432"}],"version-history":[{"count":4,"href":"https:\/\/nordeko.lv\/lv\/wp-json\/wp\/v2\/product\/29432\/revisions"}],"predecessor-version":[{"id":48337,"href":"https:\/\/nordeko.lv\/lv\/wp-json\/wp\/v2\/product\/29432\/revisions\/48337"}],"wp:featuredmedia":[{"embeddable":true,"href":"https:\/\/nordeko.lv\/lv\/wp-json\/wp\/v2\/media\/29519"}],"wp:attachment":[{"href":"https:\/\/nordeko.lv\/lv\/wp-json\/wp\/v2\/media?parent=29432"}],"wp:term":[{"taxonomy":"product_brand","embeddable":true,"href":"https:\/\/nordeko.lv\/lv\/wp-json\/wp\/v2\/product_brand?post=29432"},{"taxonomy":"product_cat","embeddable":true,"href":"https:\/\/nordeko.lv\/lv\/wp-json\/wp\/v2\/product_cat?post=29432"},{"taxonomy":"product_tag","embeddable":true,"href":"https:\/\/nordeko.lv\/lv\/wp-json\/wp\/v2\/product_tag?post=29432"}],"curies":[{"name":"wp","href":"https:\/\/api.w.org\/{rel}","templated":true}]}}