{"id":30264,"date":"2024-09-29T21:07:14","date_gmt":"2024-09-29T19:07:14","guid":{"rendered":"https:\/\/nw.nordeko.area.lv\/?post_type=product&#038;p=30264"},"modified":"2026-01-29T16:16:09","modified_gmt":"2026-01-29T14:16:09","slug":"burdeos-pearl-effect-luxe-673","status":"publish","type":"product","link":"https:\/\/nordeko.lv\/lv\/luxe-lakotas-platnes\/burdeos-pearl-effect-luxe-673\/","title":{"rendered":"Burdeos pearl effect luxe (***izejo\u0161s dekors)"},"content":{"rendered":"<p><strong>*** Dekors iziet no kolekcijas, Nordeko noliktav\u0101 ir pieejami atlikumi.<\/strong><\/p>\n<div class=\"item-text f\"><\/div>\n<p>Augst\u0101k\u0101s kvalit\u0101tes dizaina m\u0113be\u013cu pl\u0101tnes, apstr\u0101d\u0101tas ar UV laku, kas nodro\u0161ina izcilu iztur\u012bbu pret skr\u0101p\u0113jumiem, pret karstumu, mitrumu, saules iedarb\u012bbu, \u0137\u012bmisk\u0101m viel\u0101m un berzi.<\/p>\n<p>Pieejama mali\u0146a 1*23 mm<\/p>\n<p>&nbsp;<\/p>\n<ul>\n<li>Materi\u0101li ir \u012bpa\u0161i piemeroti dizaina m\u0113be\u013cu izgatavo\u0161anai.<\/li>\n<li>Materi\u0101lus var apskat\u012bt un ieg\u0101d\u0101ties m\u016bsu biroj\u0101.<\/li>\n<\/ul>\n","protected":false},"excerpt":{"rendered":"<p>Glanc\u0113ts dizaina materi\u0101ls ar augstas kvalit\u0101tes UV lakas p\u0101rkl\u0101jumu<\/p>\n","protected":false},"featured_media":30297,"comment_status":"closed","ping_status":"closed","template":"","meta":[],"product_brand":[],"product_cat":[373],"product_tag":[],"class_list":{"0":"post-30264","1":"product","2":"type-product","3":"status-publish","4":"has-post-thumbnail","6":"product_cat-luxe-lakotas-platnes","8":"first","9":"instock","10":"taxable","11":"shipping-taxable","12":"purchasable","13":"product-type-simple"},"_links":{"self":[{"href":"https:\/\/nordeko.lv\/lv\/wp-json\/wp\/v2\/product\/30264","targetHints":{"allow":["GET"]}}],"collection":[{"href":"https:\/\/nordeko.lv\/lv\/wp-json\/wp\/v2\/product"}],"about":[{"href":"https:\/\/nordeko.lv\/lv\/wp-json\/wp\/v2\/types\/product"}],"replies":[{"embeddable":true,"href":"https:\/\/nordeko.lv\/lv\/wp-json\/wp\/v2\/comments?post=30264"}],"version-history":[{"count":2,"href":"https:\/\/nordeko.lv\/lv\/wp-json\/wp\/v2\/product\/30264\/revisions"}],"predecessor-version":[{"id":57008,"href":"https:\/\/nordeko.lv\/lv\/wp-json\/wp\/v2\/product\/30264\/revisions\/57008"}],"wp:featuredmedia":[{"embeddable":true,"href":"https:\/\/nordeko.lv\/lv\/wp-json\/wp\/v2\/media\/30297"}],"wp:attachment":[{"href":"https:\/\/nordeko.lv\/lv\/wp-json\/wp\/v2\/media?parent=30264"}],"wp:term":[{"taxonomy":"product_brand","embeddable":true,"href":"https:\/\/nordeko.lv\/lv\/wp-json\/wp\/v2\/product_brand?post=30264"},{"taxonomy":"product_cat","embeddable":true,"href":"https:\/\/nordeko.lv\/lv\/wp-json\/wp\/v2\/product_cat?post=30264"},{"taxonomy":"product_tag","embeddable":true,"href":"https:\/\/nordeko.lv\/lv\/wp-json\/wp\/v2\/product_tag?post=30264"}],"curies":[{"name":"wp","href":"https:\/\/api.w.org\/{rel}","templated":true}]}}