{"id":30611,"date":"2024-09-29T21:08:53","date_gmt":"2024-09-29T19:08:53","guid":{"rendered":"https:\/\/nw.nordeko.area.lv\/?post_type=product&#038;p=30611"},"modified":"2026-03-11T23:26:29","modified_gmt":"2026-03-11T21:26:29","slug":"fenix-melns-893","status":"publish","type":"product","link":"https:\/\/nordeko.lv\/lv\/fenix-platnes\/fenix-melns-893\/","title":{"rendered":"Fenix Melns-Negro Ingo"},"content":{"rendered":"<p>Uz pas\u016bt\u012bjumu.<\/p>\n<p>P\u0101rdodam tikai vesel\u0101s loskn\u0113s.<\/p>\n<p>Materi\u0101ls ir ar nano mat\u0113jumu, kuram piem\u012bt pa\u0161izlabo\u0161an\u0101s \u012bpa\u0161\u012bbas. Materi\u0101la iztur\u012bba ir pietieko\u0161i augsta, lai to lietotu k\u0101 virtuves virsmu, vai cit\u0101s horizont\u0101laj\u0101s plakn\u0113s.<\/p>\n<p>&nbsp;<\/p>\n<p>Ir pieejami uz pas\u016bt\u012bjuma ar\u012b citi loksnes izm\u0113ri :<\/p>\n<p>&nbsp;<\/p>\n<p><strong>20 mm<\/strong><\/p>\n<p>3050*1300*20 mm divpus\u0113js, cena&nbsp;433,18 eur ar PVN<strong>&nbsp;&#8211; cena atjaunota 26.01.2023<\/strong><\/p>\n<p>3050*1300*20 mm vienpus\u0113js,<\/p>\n<p>&nbsp;<\/p>\n<p><strong>20 mm Galda virsm\u0101m<\/strong><\/p>\n<p>4200 * 600 * 20 mm<\/p>\n<p>4200 * 900 * 20 mm<\/p>\n<p>&nbsp;<\/p>\n<p><strong>10 mm (fenix sl\u0101nis uz melna kompaktlamin\u0101ta)<\/strong><\/p>\n<p>3050*1300*10 mm<\/p>\n<p>4200*1600*10 mm&nbsp;<\/p>\n<p>&nbsp;&nbsp;<\/p>\n<p><strong>10 mm Divpus\u0113js Fenix uz pinkr\u0101sas pamatnes&nbsp;(pamatne fenix ton\u012b)<\/strong><\/p>\n<p>3050*1300*10 mm&nbsp;<\/p>\n<p>4200*1600*10 mm&nbsp;<\/p>\n<p>&nbsp;<\/p>\n<p><strong>Plastik\u0101ts<\/strong><\/p>\n<p>3050*1300*0,9 mm<\/p>\n<p>4200*1600*0,9 mm&nbsp;<\/p>\n<p>3050*1300*1,2 mm&nbsp;&nbsp;<\/p>\n<p>4200*1600*1,2 mm&nbsp;<\/p>\n<p>&nbsp;<\/p>\n<p>Pieejama atbilsto\u0161as kr\u0101sas apdares mala&nbsp;<\/p>\n<p>1mm (ABS)<\/p>\n<p>1,2 mm (AIR HOT ar l\u012bmi)<\/p>\n<p>&nbsp;<\/p>\n<p>Pieg\u0101des laiks no&nbsp;2-4 darba dienas.<\/p>\n<p>Gatavas deta\u013cas 1-2 ned\u0113\u013cas.<\/p>\n<p>&nbsp;<\/p>\n<p>Par pieg\u0101des laiku l\u016bdzu vaic\u0101t p\u0101rdev\u0113jam.<\/p>\n<p>*** Fenix otra puse balans\u0113jo\u0161s materi\u0101ls &#8211;&nbsp; HPL kompens\u0101tors (plastik\u0101ts) jeb high pressure laminate.<\/p>\n<p>Augstspiediena Lamin\u0101ta vai &#8220;HPL&#8221; k\u0101 bie\u017ei d\u0113v\u0113, ir izveidota, izmantojot daudzpak\u0101pju procesu.&nbsp;Produkts sast\u0101v no se\u0161iem l\u012bdz asto\u0146iem ar sve\u0137iem pies\u016bcin\u0101ta kraftpap\u012bra, dekorat\u012bv\u0101 pap\u012bra (ar rakstu, kr\u0101su vai koka graudu) un skaidra p\u0101rkl\u0101juma sl\u0101\u0146iem.&nbsp;\u0160ie sl\u0101\u0146i tiek ra\u017eoti zem 1000 kg spiediena uz kvadr\u0101tmetru, zem 140 &deg; C + temperat\u016bras.<\/p>\n<p>&nbsp;&nbsp;<\/p>\n<p>***&nbsp;P\u0113rkot Fenix pl\u0101tnes, lai nodro\u0161in\u0101tos pret liek\u0161anos Jums j\u0101iev\u0113ro pl\u0101t\u0146u glab\u0101\u0161anas nosac\u012bjums, pl\u0101tn\u0113m pirms z\u0101\u0123\u0113\u0161anas uzs\u0101k\u0161anas 48. stundas j\u0101atrodas ra\u017eo\u0161anas telp\u0101s. Tas nepiecie\u0161ams, lai materi\u0101lu temperat\u016bra sal\u0101gotos ar ra\u017eo\u0161anas gaisa temperat\u016bra un mitrumu.<\/p>\n<p><img loading=\"lazy\" decoding=\"async\" src=\"http:\/\/www.nordeko.lv\/usercontent\/1703\/sm-dab1b50707c5bf31_7351-w500-h400-b0-p0-modern-kitchen-cabinetry-1752.jpg\" alt=\"\" width=\"300\" height=\"240\" \/><\/p>\n<p>&nbsp;<\/p>\n<p><img loading=\"lazy\" decoding=\"async\" src=\"http:\/\/www.nordeko.lv\/usercontent\/1703\/sm-contemporary-kitchen-5038.jpg\" alt=\"\" width=\"263\" height=\"350\" \/><\/p>\n","protected":false},"excerpt":{"rendered":"<p>Materi\u0101ls ir ar nano mat\u0113jumu, kuram piem\u012bt pa\u0161izlabo\u0161an\u0101s \u012bpa\u0161\u012bbas. Materi\u0101la iztur\u012bba ir pietieko\u0161i augsta, lai to lietotu k\u0101 virtuves virsmu, vai cit\u0101s horizont\u0101laj\u0101s plakn\u0113s.<\/p>\n","protected":false},"featured_media":30646,"comment_status":"closed","ping_status":"closed","template":"","meta":[],"product_brand":[],"product_cat":[441],"product_tag":[],"class_list":{"0":"post-30611","1":"product","2":"type-product","3":"status-publish","4":"has-post-thumbnail","6":"product_cat-fenix-platnes","8":"first","9":"instock","10":"taxable","11":"shipping-taxable","12":"purchasable","13":"product-type-simple"},"_links":{"self":[{"href":"https:\/\/nordeko.lv\/lv\/wp-json\/wp\/v2\/product\/30611","targetHints":{"allow":["GET"]}}],"collection":[{"href":"https:\/\/nordeko.lv\/lv\/wp-json\/wp\/v2\/product"}],"about":[{"href":"https:\/\/nordeko.lv\/lv\/wp-json\/wp\/v2\/types\/product"}],"replies":[{"embeddable":true,"href":"https:\/\/nordeko.lv\/lv\/wp-json\/wp\/v2\/comments?post=30611"}],"version-history":[{"count":2,"href":"https:\/\/nordeko.lv\/lv\/wp-json\/wp\/v2\/product\/30611\/revisions"}],"predecessor-version":[{"id":52975,"href":"https:\/\/nordeko.lv\/lv\/wp-json\/wp\/v2\/product\/30611\/revisions\/52975"}],"wp:featuredmedia":[{"embeddable":true,"href":"https:\/\/nordeko.lv\/lv\/wp-json\/wp\/v2\/media\/30646"}],"wp:attachment":[{"href":"https:\/\/nordeko.lv\/lv\/wp-json\/wp\/v2\/media?parent=30611"}],"wp:term":[{"taxonomy":"product_brand","embeddable":true,"href":"https:\/\/nordeko.lv\/lv\/wp-json\/wp\/v2\/product_brand?post=30611"},{"taxonomy":"product_cat","embeddable":true,"href":"https:\/\/nordeko.lv\/lv\/wp-json\/wp\/v2\/product_cat?post=30611"},{"taxonomy":"product_tag","embeddable":true,"href":"https:\/\/nordeko.lv\/lv\/wp-json\/wp\/v2\/product_tag?post=30611"}],"curies":[{"name":"wp","href":"https:\/\/api.w.org\/{rel}","templated":true}]}}