{"id":31399,"date":"2024-09-29T21:12:35","date_gmt":"2024-09-29T19:12:35","guid":{"rendered":"https:\/\/nw.nordeko.area.lv\/?post_type=product&#038;p=31399"},"modified":"2025-08-28T15:03:36","modified_gmt":"2025-08-28T13:03:36","slug":"galdu-kaja-1329","status":"publish","type":"product","link":"https:\/\/nordeko.lv\/lv\/mebelu-kajinas\/galdu-kaja-1329\/","title":{"rendered":"Galda k\u0101ja (balta)"},"content":{"rendered":"<p>Uz pas\u016bt\u012bjumu.<\/p>\n<p>Komplekt\u0101 ietilplst galda k\u0101ja un stiprin\u0101jums<\/p>\n<div>\n<div>izm\u0113ri:<\/div>\n<div>\u2022 k\u0101ju izm\u0113ri: 100 * 50 mm<\/div>\n<div>\u2022 K\u0101ju augstums: 710 mm<\/div>\n<div>\u2022 Augstuma regul\u0113\u0161ana: 5 mm<\/div>\n<div><\/div>\n<div>\n<div>Galda k\u0101jas kr\u0101sa::<\/div>\n<ul>\n<li>Balta mat\u0113ta &#8211; kods 9G1XLRF0E0<\/li>\n<li>mat\u0113ts ni\u0137elis &#8211; kods 9G1XLRL0E0<\/li>\n<\/ul>\n<p><a class=\"fancybox\" href=\"\/usercontent\/1908\/gieffe-1-9637.jpg\"><img loading=\"lazy\" decoding=\"async\" src=\"\/usercontent\/1908\/sm-gieffe-1-9637.jpg\" alt=\"\" width=\"222\" height=\"222\" \/><\/a><a class=\"fancybox\" href=\"\/usercontent\/1908\/gieffe-2-9097.jpg\"><img loading=\"lazy\" decoding=\"async\" src=\"\/usercontent\/1908\/sm-gieffe-2-9097.jpg\" alt=\"\" width=\"230\" height=\"233\" \/><\/a><\/p>\n<\/div>\n<div><\/div>\n<\/div>\n","protected":false},"excerpt":{"rendered":"<p>It\u0101\u013cu komp\u0101nijas Gieffe kvalitat\u012bva furnit\u016bra galdiem<\/p>\n","protected":false},"featured_media":31444,"comment_status":"closed","ping_status":"closed","template":"","meta":[],"product_brand":[],"product_cat":[735],"product_tag":[],"class_list":{"0":"post-31399","1":"product","2":"type-product","3":"status-publish","4":"has-post-thumbnail","6":"product_cat-galda-kajas","8":"first","9":"instock","10":"taxable","11":"shipping-taxable","12":"purchasable","13":"product-type-simple"},"_links":{"self":[{"href":"https:\/\/nordeko.lv\/lv\/wp-json\/wp\/v2\/product\/31399","targetHints":{"allow":["GET"]}}],"collection":[{"href":"https:\/\/nordeko.lv\/lv\/wp-json\/wp\/v2\/product"}],"about":[{"href":"https:\/\/nordeko.lv\/lv\/wp-json\/wp\/v2\/types\/product"}],"replies":[{"embeddable":true,"href":"https:\/\/nordeko.lv\/lv\/wp-json\/wp\/v2\/comments?post=31399"}],"version-history":[{"count":2,"href":"https:\/\/nordeko.lv\/lv\/wp-json\/wp\/v2\/product\/31399\/revisions"}],"predecessor-version":[{"id":54027,"href":"https:\/\/nordeko.lv\/lv\/wp-json\/wp\/v2\/product\/31399\/revisions\/54027"}],"wp:featuredmedia":[{"embeddable":true,"href":"https:\/\/nordeko.lv\/lv\/wp-json\/wp\/v2\/media\/31444"}],"wp:attachment":[{"href":"https:\/\/nordeko.lv\/lv\/wp-json\/wp\/v2\/media?parent=31399"}],"wp:term":[{"taxonomy":"product_brand","embeddable":true,"href":"https:\/\/nordeko.lv\/lv\/wp-json\/wp\/v2\/product_brand?post=31399"},{"taxonomy":"product_cat","embeddable":true,"href":"https:\/\/nordeko.lv\/lv\/wp-json\/wp\/v2\/product_cat?post=31399"},{"taxonomy":"product_tag","embeddable":true,"href":"https:\/\/nordeko.lv\/lv\/wp-json\/wp\/v2\/product_tag?post=31399"}],"curies":[{"name":"wp","href":"https:\/\/api.w.org\/{rel}","templated":true}]}}