{"id":31497,"date":"2024-09-29T21:13:02","date_gmt":"2024-09-29T19:13:02","guid":{"rendered":"https:\/\/nw.nordeko.area.lv\/?post_type=product&#038;p=31497"},"modified":"2026-03-25T13:56:15","modified_gmt":"2026-03-25T11:56:15","slug":"gridas-skapja-korpuss-virtuve-skapis-virtuve","status":"publish","type":"product","link":"https:\/\/nordeko.lv\/lv\/gridas-korpusi\/gridas-skapja-korpuss-1389\/","title":{"rendered":"Gr\u012bdas skapja korpuss (200 mm)"},"content":{"rendered":"<p>Iepakots kartona kast\u0113.Komplekt\u0101cij\u0101 skr\u016bves un tapas korpusa salik\u0161anai.<\/p>\n<p>&nbsp;<\/p>\n<p>Atsevi\u0161\u0137i var ieg\u0101d\u0101ties plastmasas cokola k\u0101jas 100 mm vai 150 mm augstum\u0101 :<\/p>\n<p><a href=\"http:\/\/www.nordeko.lv\/lv\/mebelu-kajinas\/\">http:\/\/www.nordeko.lv\/lv\/mebelu-kajinas\/<\/a><\/p>\n<p>&nbsp;<\/p>\n<p>Atsevi\u0161\u0137i var pas\u016bt\u012bt plauktu ar plaukta tur\u0113t\u0101jiem:<\/p>\n<p><a href=\"https:\/\/www.nordeko.lv\/lv\/skapisu-plaukti\/\">https:\/\/www.nordeko.lv\/lv\/skapisu-plaukti\/<\/a><\/p>\n<p>&nbsp;<\/p>\n<p>Korpusu var komplekt\u0113t ar groziem :<\/p>\n<p><a href=\"https:\/\/www.nordeko.lv\/lv\/mehanismi-200-mm\/\">https:\/\/www.nordeko.lv\/lv\/mehanismi-200-mm\/<\/a><\/p>\n<p>&nbsp;<\/p>\n<p>Korpusu var komplekt\u0113t ar\u00a0atvilktn\u0113m :<\/p>\n<p><a href=\"https:\/\/nordeko.lv\/lv\/fgv2-atvilktnes-baltas\/\">https:\/\/nordeko.lv\/lv\/fgv2-atvilktnes-baltas\/<\/a><\/p>\n<p>&nbsp;<\/p>\n","protected":false},"excerpt":{"rendered":"<p>Iepakots kartona kast\u0113.Komplekt\u0101cij\u0101 skr\u016bves un tapas korpusa salik\u0161anai. &nbsp; Atsevi\u0161\u0137i var ieg\u0101d\u0101ties plastmasas cokola k\u0101jas 100 mm vai 150 mm<\/p>\n","protected":false},"featured_media":31554,"comment_status":"closed","ping_status":"closed","template":"","meta":[],"product_brand":[],"product_cat":[1424],"product_tag":[],"class_list":{"0":"post-31497","1":"product","2":"type-product","3":"status-publish","4":"has-post-thumbnail","6":"product_cat-virtuves-gridas-korpusi-balti","8":"first","9":"instock","10":"taxable","11":"shipping-taxable","12":"purchasable","13":"product-type-simple"},"_links":{"self":[{"href":"https:\/\/nordeko.lv\/lv\/wp-json\/wp\/v2\/product\/31497","targetHints":{"allow":["GET"]}}],"collection":[{"href":"https:\/\/nordeko.lv\/lv\/wp-json\/wp\/v2\/product"}],"about":[{"href":"https:\/\/nordeko.lv\/lv\/wp-json\/wp\/v2\/types\/product"}],"replies":[{"embeddable":true,"href":"https:\/\/nordeko.lv\/lv\/wp-json\/wp\/v2\/comments?post=31497"}],"version-history":[{"count":3,"href":"https:\/\/nordeko.lv\/lv\/wp-json\/wp\/v2\/product\/31497\/revisions"}],"predecessor-version":[{"id":48386,"href":"https:\/\/nordeko.lv\/lv\/wp-json\/wp\/v2\/product\/31497\/revisions\/48386"}],"wp:featuredmedia":[{"embeddable":true,"href":"https:\/\/nordeko.lv\/lv\/wp-json\/wp\/v2\/media\/31554"}],"wp:attachment":[{"href":"https:\/\/nordeko.lv\/lv\/wp-json\/wp\/v2\/media?parent=31497"}],"wp:term":[{"taxonomy":"product_brand","embeddable":true,"href":"https:\/\/nordeko.lv\/lv\/wp-json\/wp\/v2\/product_brand?post=31497"},{"taxonomy":"product_cat","embeddable":true,"href":"https:\/\/nordeko.lv\/lv\/wp-json\/wp\/v2\/product_cat?post=31497"},{"taxonomy":"product_tag","embeddable":true,"href":"https:\/\/nordeko.lv\/lv\/wp-json\/wp\/v2\/product_tag?post=31497"}],"curies":[{"name":"wp","href":"https:\/\/api.w.org\/{rel}","templated":true}]}}