{"id":32954,"date":"2024-09-29T21:36:28","date_gmt":"2024-09-29T19:36:28","guid":{"rendered":"https:\/\/nw.nordeko.area.lv\/?post_type=product&#038;p=32954"},"modified":"2025-08-19T09:09:35","modified_gmt":"2025-08-19T07:09:35","slug":"ventilacijas-reste-rst-500-mm-2002","status":"publish","type":"product","link":"https:\/\/nordeko.lv\/lv\/ventilacijas-restes\/ventilacijas-reste-rst-500-mm-2002\/","title":{"rendered":"Ventil\u0101cijas reste auk\u0161\u0113j\u0101 (RST) 500 mm"},"content":{"rendered":"<p>Ventil\u0101cijas reste, nerus\u0113jo\u0161\u0101 t\u0113rauda kr\u0101s\u0101 500 mm<\/p>\n<p><a href=\"https:\/\/nordeko.lv\/lv\/ventilacijas-restes\/ventilacijas-reste-melna-600-mm-3792\/attachment\/ventilacijas-reste-melna-6-sadalas\/\" rel=\"attachment wp-att-46690\"><img loading=\"lazy\" decoding=\"async\" class=\"alignnone size-medium wp-image-46690\" src=\"https:\/\/nordeko.lv\/wp-content\/uploads\/2024\/09\/ventilacijas-reste-melna-6-sadalas-353x300.jpg\" alt=\"\" width=\"353\" height=\"300\" srcset=\"https:\/\/nordeko.lv\/wp-content\/uploads\/2024\/09\/ventilacijas-reste-melna-6-sadalas-353x300.jpg 353w, https:\/\/nordeko.lv\/wp-content\/uploads\/2024\/09\/ventilacijas-reste-melna-6-sadalas-14x12.jpg 14w, https:\/\/nordeko.lv\/wp-content\/uploads\/2024\/09\/ventilacijas-reste-melna-6-sadalas-430x366.jpg 430w, https:\/\/nordeko.lv\/wp-content\/uploads\/2024\/09\/ventilacijas-reste-melna-6-sadalas-150x128.jpg 150w, https:\/\/nordeko.lv\/wp-content\/uploads\/2024\/09\/ventilacijas-reste-melna-6-sadalas.jpg 470w\" sizes=\"auto, (max-width: 353px) 100vw, 353px\" \/><\/a><\/p>\n<p><a href=\"https:\/\/nordeko.lv\/wp-content\/uploads\/2024\/09\/paraugs-virtuve-restes.jpg\"><img loading=\"lazy\" decoding=\"async\" class=\"alignnone size-medium wp-image-53661\" src=\"https:\/\/nordeko.lv\/wp-content\/uploads\/2024\/09\/paraugs-virtuve-restes-400x189.jpg\" alt=\"\" width=\"400\" height=\"189\" srcset=\"https:\/\/nordeko.lv\/wp-content\/uploads\/2024\/09\/paraugs-virtuve-restes-400x189.jpg 400w, https:\/\/nordeko.lv\/wp-content\/uploads\/2024\/09\/paraugs-virtuve-restes-1300x616.jpg 1300w, https:\/\/nordeko.lv\/wp-content\/uploads\/2024\/09\/paraugs-virtuve-restes-768x364.jpg 768w, https:\/\/nordeko.lv\/wp-content\/uploads\/2024\/09\/paraugs-virtuve-restes-1536x728.jpg 1536w, https:\/\/nordeko.lv\/wp-content\/uploads\/2024\/09\/paraugs-virtuve-restes-2048x970.jpg 2048w, https:\/\/nordeko.lv\/wp-content\/uploads\/2024\/09\/paraugs-virtuve-restes-18x9.jpg 18w, https:\/\/nordeko.lv\/wp-content\/uploads\/2024\/09\/paraugs-virtuve-restes-430x204.jpg 430w, https:\/\/nordeko.lv\/wp-content\/uploads\/2024\/09\/paraugs-virtuve-restes-700x332.jpg 700w, https:\/\/nordeko.lv\/wp-content\/uploads\/2024\/09\/paraugs-virtuve-restes-150x71.jpg 150w\" sizes=\"auto, (max-width: 400px) 100vw, 400px\" \/><\/a><\/p>\n","protected":false},"excerpt":{"rendered":"<p>Ventil\u0101cijas reste, nerus\u0113jo\u0161\u0101 t\u0113rauda kr\u0101s\u0101 500 mm<\/p>\n","protected":false},"featured_media":33010,"comment_status":"closed","ping_status":"closed","template":"","meta":[],"product_brand":[],"product_cat":[491],"product_tag":[],"class_list":{"0":"post-32954","1":"product","2":"type-product","3":"status-publish","4":"has-post-thumbnail","6":"product_cat-ventilacijas-restes","8":"first","9":"instock","10":"taxable","11":"shipping-taxable","12":"purchasable","13":"product-type-simple"},"_links":{"self":[{"href":"https:\/\/nordeko.lv\/lv\/wp-json\/wp\/v2\/product\/32954","targetHints":{"allow":["GET"]}}],"collection":[{"href":"https:\/\/nordeko.lv\/lv\/wp-json\/wp\/v2\/product"}],"about":[{"href":"https:\/\/nordeko.lv\/lv\/wp-json\/wp\/v2\/types\/product"}],"replies":[{"embeddable":true,"href":"https:\/\/nordeko.lv\/lv\/wp-json\/wp\/v2\/comments?post=32954"}],"version-history":[{"count":3,"href":"https:\/\/nordeko.lv\/lv\/wp-json\/wp\/v2\/product\/32954\/revisions"}],"predecessor-version":[{"id":53666,"href":"https:\/\/nordeko.lv\/lv\/wp-json\/wp\/v2\/product\/32954\/revisions\/53666"}],"wp:featuredmedia":[{"embeddable":true,"href":"https:\/\/nordeko.lv\/lv\/wp-json\/wp\/v2\/media\/33010"}],"wp:attachment":[{"href":"https:\/\/nordeko.lv\/lv\/wp-json\/wp\/v2\/media?parent=32954"}],"wp:term":[{"taxonomy":"product_brand","embeddable":true,"href":"https:\/\/nordeko.lv\/lv\/wp-json\/wp\/v2\/product_brand?post=32954"},{"taxonomy":"product_cat","embeddable":true,"href":"https:\/\/nordeko.lv\/lv\/wp-json\/wp\/v2\/product_cat?post=32954"},{"taxonomy":"product_tag","embeddable":true,"href":"https:\/\/nordeko.lv\/lv\/wp-json\/wp\/v2\/product_tag?post=32954"}],"curies":[{"name":"wp","href":"https:\/\/api.w.org\/{rel}","templated":true}]}}