{"id":37137,"date":"2024-09-29T22:08:37","date_gmt":"2024-09-29T20:08:37","guid":{"rendered":"https:\/\/nw.nordeko.area.lv\/?post_type=product&#038;p=37137"},"modified":"2026-03-25T14:03:30","modified_gmt":"2026-03-25T12:03:30","slug":"gridas-skapja-korpuss-3711","status":"publish","type":"product","link":"https:\/\/nordeko.lv\/lv\/gridas-korpusi\/gridas-skapja-korpuss-3711\/","title":{"rendered":"Gr\u012bdas skapja korpuss (1000 mm)"},"content":{"rendered":"<h3 class=\"title-small mt-20 hidden-xs\">Iepakots kartona kast\u0113.Komplekt\u0101cij\u0101 skr\u016bves un tapas korpusa salik\u0161anai.<\/h3>\n<div class=\"item-text f\">\n<p>Atsevi\u0161\u0137i var ieg\u0101d\u0101ties plastmasas cokola k\u0101jas 100 mm vai 150 mm augstum\u0101 :<\/p>\n<p><a href=\"http:\/\/www.nordeko.lv\/lv\/mebelu-kajinas\/\">http:\/\/www.nordeko.lv\/lv\/mebelu-kajinas\/<\/a><\/p>\n<p>&nbsp;<\/p>\n<p>*** Skapji \u013coti labi piem\u0113roti \u017ealuziju durv\u012bm<\/p>\n<p>M\u0113s papildin\u0101j\u0101m savu kr\u0101jumu kl\u0101stu ar standarta skap\u012b\u0161u r\u0101mjiem, kas piem\u0113roti \u017eal\u016bzij\u0101m.<\/p>\n<p>Skapju strukt\u016bra idejiski darbojas k\u0101 brokastu skapis,\u00a0\u0161aj\u0101 gad\u012bjum\u0101 izm\u0113ru noteik\u0161an\u0101 ir \u0146emti v\u0113r\u0101 visbie\u017e\u0101k sastopamo mazo sadz\u012bves tehnikas izm\u0113ri (mikrovi\u013c\u0146u kr\u0101sns, kafijas autom\u0101ts utt.).<\/p>\n<p>&nbsp;<\/p>\n<div class=\"item-text f\">\n<p>\u2022 Augstums: 1212 mm. Skapja augstums ir izm\u0113r\u012bts t\u0101, lai tas b\u016btu novietots apak\u0161\u0113j\u0101 skapja aug\u0161pus\u0113.<br \/>\n\u2022Dzi\u013cums: 560 mm<br \/>\n\u2022Platumi: 600, 700,800,900, 1000, 1200 mm<br \/>\n\u2022Skapja apak\u0161\u0113j\u0101 pamatne ir 16 mm balts melam\u012bns<br \/>\n\u2022Pamatni var izgatavot ar\u012b no darba virsmas, t\u0101d\u0101 gad\u012bjum\u0101 ir j\u0101pas\u016bta pareizais izm\u0113rs (platums = modu\u013ca izm\u0113rs &#8211; 32 mm un dzi\u013cums 540 mm). Apak\u0161da\u013ca n\u0101k starp skapja s\u0101niem.<\/p>\n<\/div>\n<p>Da\u017eas pam\u0101c\u012bbas:<\/p>\n<p><a href=\"https:\/\/nordeko.lv\/wp-content\/uploads\/2024\/09\/KRO06_Aamiaiskaapin-asennusohje.pdf\">KRO06_Aamiaiskaapin asennusohje<\/a><\/p>\n<p><a href=\"https:\/\/nordeko.lv\/wp-content\/uploads\/2024\/09\/KRO10_KRO10-Kasauskuva_Assembly-image.pdf\">KRO10_KRO10 Kasauskuva_Assembly image<\/a><\/p>\n<p><a href=\"https:\/\/nordeko.lv\/wp-content\/uploads\/2024\/09\/KRO06_Rulomekanismin-asennusohje.pdf\">KRO06_Rulomekanismin asennusohje<\/a><\/p>\n<p>&nbsp;<\/p>\n<div class=\"item-text f\">\n<p><a href=\"https:\/\/nordeko.lv\/wp-content\/uploads\/2024\/09\/kro06_aamiaiskaappi_1212_avoin_web_1024.jpg\"><img loading=\"lazy\" decoding=\"async\" class=\"alignnone size-medium wp-image-52844\" src=\"https:\/\/nordeko.lv\/wp-content\/uploads\/2024\/09\/kro06_aamiaiskaappi_1212_avoin_web_1024-169x300.jpg\" alt=\"\" width=\"169\" height=\"300\" srcset=\"https:\/\/nordeko.lv\/wp-content\/uploads\/2024\/09\/kro06_aamiaiskaappi_1212_avoin_web_1024-169x300.jpg 169w, https:\/\/nordeko.lv\/wp-content\/uploads\/2024\/09\/kro06_aamiaiskaappi_1212_avoin_web_1024-450x800.jpg 450w, https:\/\/nordeko.lv\/wp-content\/uploads\/2024\/09\/kro06_aamiaiskaappi_1212_avoin_web_1024-7x12.jpg 7w, https:\/\/nordeko.lv\/wp-content\/uploads\/2024\/09\/kro06_aamiaiskaappi_1212_avoin_web_1024-430x764.jpg 430w, https:\/\/nordeko.lv\/wp-content\/uploads\/2024\/09\/kro06_aamiaiskaappi_1212_avoin_web_1024-150x267.jpg 150w, https:\/\/nordeko.lv\/wp-content\/uploads\/2024\/09\/kro06_aamiaiskaappi_1212_avoin_web_1024.jpg 576w\" sizes=\"auto, (max-width: 169px) 100vw, 169px\" \/><\/a><a href=\"https:\/\/nordeko.lv\/wp-content\/uploads\/2024\/09\/kro06_casagrande_21081_cc_1024.jpg\"><img loading=\"lazy\" decoding=\"async\" class=\"alignnone size-medium wp-image-52846\" src=\"https:\/\/nordeko.lv\/wp-content\/uploads\/2024\/09\/kro06_casagrande_21081_cc_1024-188x300.jpg\" alt=\"\" width=\"188\" height=\"300\" srcset=\"https:\/\/nordeko.lv\/wp-content\/uploads\/2024\/09\/kro06_casagrande_21081_cc_1024-188x300.jpg 188w, https:\/\/nordeko.lv\/wp-content\/uploads\/2024\/09\/kro06_casagrande_21081_cc_1024-500x800.jpg 500w, https:\/\/nordeko.lv\/wp-content\/uploads\/2024\/09\/kro06_casagrande_21081_cc_1024-8x12.jpg 8w, https:\/\/nordeko.lv\/wp-content\/uploads\/2024\/09\/kro06_casagrande_21081_cc_1024-430x688.jpg 430w, https:\/\/nordeko.lv\/wp-content\/uploads\/2024\/09\/kro06_casagrande_21081_cc_1024-150x240.jpg 150w, https:\/\/nordeko.lv\/wp-content\/uploads\/2024\/09\/kro06_casagrande_21081_cc_1024.jpg 640w\" sizes=\"auto, (max-width: 188px) 100vw, 188px\" \/><\/a><\/p>\n<\/div>\n<p>&nbsp;<\/p>\n<p>&nbsp;<\/p>\n<\/div>\n","protected":false},"excerpt":{"rendered":"<p>Iepakots kartona kast\u0113.Komplekt\u0101cij\u0101 skr\u016bves un tapas korpusa salik\u0161anai. Atsevi\u0161\u0137i var ieg\u0101d\u0101ties plastmasas cokola k\u0101jas 100 mm vai 150 mm augstum\u0101<\/p>\n","protected":false},"featured_media":52842,"comment_status":"closed","ping_status":"closed","template":"","meta":[],"product_brand":[],"product_cat":[1424],"product_tag":[],"class_list":{"0":"post-37137","1":"product","2":"type-product","3":"status-publish","4":"has-post-thumbnail","6":"product_cat-virtuves-gridas-korpusi-balti","8":"first","9":"instock","10":"taxable","11":"shipping-taxable","12":"purchasable","13":"product-type-simple"},"_links":{"self":[{"href":"https:\/\/nordeko.lv\/lv\/wp-json\/wp\/v2\/product\/37137","targetHints":{"allow":["GET"]}}],"collection":[{"href":"https:\/\/nordeko.lv\/lv\/wp-json\/wp\/v2\/product"}],"about":[{"href":"https:\/\/nordeko.lv\/lv\/wp-json\/wp\/v2\/types\/product"}],"replies":[{"embeddable":true,"href":"https:\/\/nordeko.lv\/lv\/wp-json\/wp\/v2\/comments?post=37137"}],"version-history":[{"count":5,"href":"https:\/\/nordeko.lv\/lv\/wp-json\/wp\/v2\/product\/37137\/revisions"}],"predecessor-version":[{"id":52860,"href":"https:\/\/nordeko.lv\/lv\/wp-json\/wp\/v2\/product\/37137\/revisions\/52860"}],"wp:featuredmedia":[{"embeddable":true,"href":"https:\/\/nordeko.lv\/lv\/wp-json\/wp\/v2\/media\/52842"}],"wp:attachment":[{"href":"https:\/\/nordeko.lv\/lv\/wp-json\/wp\/v2\/media?parent=37137"}],"wp:term":[{"taxonomy":"product_brand","embeddable":true,"href":"https:\/\/nordeko.lv\/lv\/wp-json\/wp\/v2\/product_brand?post=37137"},{"taxonomy":"product_cat","embeddable":true,"href":"https:\/\/nordeko.lv\/lv\/wp-json\/wp\/v2\/product_cat?post=37137"},{"taxonomy":"product_tag","embeddable":true,"href":"https:\/\/nordeko.lv\/lv\/wp-json\/wp\/v2\/product_tag?post=37137"}],"curies":[{"name":"wp","href":"https:\/\/api.w.org\/{rel}","templated":true}]}}