{"id":37139,"date":"2024-09-29T22:08:37","date_gmt":"2024-09-29T20:08:37","guid":{"rendered":"https:\/\/nw.nordeko.area.lv\/?post_type=product&#038;p=37139"},"modified":"2025-04-15T23:32:14","modified_gmt":"2025-04-15T21:32:14","slug":"ice-1-3713","status":"publish","type":"product","link":"https:\/\/nordeko.lv\/lv\/syncron-platnes\/ice-1-3713\/","title":{"rendered":"Ice Cream 01 JA"},"content":{"rendered":"<p dir=\"ltr\"><em>Par dekora pieejam\u012bbu noliktav\u0101 vaic\u0101t klientu mened\u017eeriem!<br \/><\/em><\/p>\n<p dir=\"ltr\">Cena nor\u0101d\u012bta par&nbsp;vienu loksni<\/p>\n<p dir=\"ltr\">Pieejams uz pas\u016bt\u012bjumu, pieg\u0101des termi\u0146\u0161 no 4 ned\u0113\u013c\u0101m.<\/p>\n<p dir=\"ltr\">Minim\u0101lais pas\u016bt\u012bjuma apjoms 5 loksnes.<\/p>\n<p dir=\"ltr\">Visiem dekoriem pieejamas ar\u012b attiec\u012bg\u0101 dizaina malas.&nbsp;<\/p>\n<p dir=\"ltr\"><em>Dekora \u012bpa\u0161\u012bbas:<\/em><\/p>\n<ul>\n<li dir=\"ltr\">\n<p dir=\"ltr\">Augsti notur\u012bgs pret traipiem<\/p>\n<\/li>\n<li dir=\"ltr\">\n<p dir=\"ltr\">Viegli kopjams<\/p>\n<\/li>\n<li dir=\"ltr\">\n<p dir=\"ltr\">Ilgtsp\u0113j\u012bgs<\/p>\n<\/li>\n<li dir=\"ltr\">\n<p dir=\"ltr\">Dabai draudz\u012bgs<\/p>\n<\/li>\n<li dir=\"ltr\">\n<p dir=\"ltr\">Ar dabisku apdari<\/p>\n<\/li>\n<li dir=\"ltr\">\n<p dir=\"ltr\">Antibakteri\u0101ls<\/p>\n<\/li>\n<li dir=\"ltr\">\n<p dir=\"ltr\">Ar vienm\u0113r\u012bgu kr\u0101sas p\u0101rkl\u0101jumu<\/p>\n<\/li>\n<\/ul>\n<p dir=\"ltr\"><em>Syncron pl\u0101t\u0146u | fas\u0101\u017eu nov\u0113rt\u0113jums:<\/em><\/p>\n<ul>\n<li dir=\"ltr\">\n<p dir=\"ltr\">Notur\u012bba pret traipiem 5. l\u012bmenis<\/p>\n<\/li>\n<li dir=\"ltr\">\n<p dir=\"ltr\">Iztur\u012bba pret skr\u0101p\u0113jumiem 5. l\u012bmenis<\/p>\n<\/li>\n<li dir=\"ltr\">\n<p dir=\"ltr\">Iztur\u012bba pret sauso karstumu 5. l\u012bmenis<\/p>\n<\/li>\n<li dir=\"ltr\">\n<p dir=\"ltr\">Iztur\u012bba pret slapjo karstumu 5. l\u012bmenis<\/p>\n<\/li>\n<li dir=\"ltr\">\n<p dir=\"ltr\">Iztur\u012bba pret \u0137\u012bmiju 5. l\u012bmenis<\/p>\n<\/li>\n<li dir=\"ltr\">\n<p dir=\"ltr\">Iztur\u012bba pret kr\u012bto\u0161u priek\u0161metu augstum\u0101 zem 140 cm<br \/>&nbsp;<\/p>\n<\/li>\n<\/ul>\n<p dir=\"ltr\">Vair\u0101k par materi\u0101lu specifik\u0101ciju <a href=\"https:\/\/www.lioher.com\/wp-content\/uploads\/2019\/06\/TEC-SYNCRON-ENGLISH.pdf\" target=\"_blank\" rel=\"noopener\">\u0161eit<\/a>!<\/p>\n<p dir=\"ltr\">Materi\u0101la tekst\u016bra tuvpl\u0101n\u0101:<\/p>\n<p><a class=\"fancybox\" href=\"\/usercontent\/2003\/ice-tekstura-5582.jpg\"><img loading=\"lazy\" decoding=\"async\" src=\"\/usercontent\/2003\/ice-tekstura-5582.jpg\" alt=\"\" width=\"585\" height=\"292\" \/><\/a><\/p>\n<p><a class=\"fancybox\" href=\"\/usercontent\/2209\/ice-fr-1032.jpg\"><img loading=\"lazy\" decoding=\"async\" src=\"\/usercontent\/2209\/sm-ice-fr-1032.jpg\" alt=\"\" width=\"582\" height=\"460\" \/><\/a><\/p>\n","protected":false},"excerpt":{"rendered":"<p>Par dekora pieejam\u012bbu noliktav\u0101 vaic\u0101t klientu mened\u017eeriem! Cena nor\u0101d\u012bta par&nbsp;vienu loksni Pieejams uz pas\u016bt\u012bjumu, pieg\u0101des termi\u0146\u0161 no 4 ned\u0113\u013c\u0101m. Minim\u0101lais<\/p>\n","protected":false},"featured_media":37179,"comment_status":"closed","ping_status":"closed","template":"","meta":[],"product_brand":[],"product_cat":[576],"product_tag":[],"class_list":{"0":"post-37139","1":"product","2":"type-product","3":"status-publish","4":"has-post-thumbnail","6":"product_cat-syncron-platnes","8":"first","9":"instock","10":"taxable","11":"shipping-taxable","12":"purchasable","13":"product-type-simple"},"_links":{"self":[{"href":"https:\/\/nordeko.lv\/lv\/wp-json\/wp\/v2\/product\/37139","targetHints":{"allow":["GET"]}}],"collection":[{"href":"https:\/\/nordeko.lv\/lv\/wp-json\/wp\/v2\/product"}],"about":[{"href":"https:\/\/nordeko.lv\/lv\/wp-json\/wp\/v2\/types\/product"}],"replies":[{"embeddable":true,"href":"https:\/\/nordeko.lv\/lv\/wp-json\/wp\/v2\/comments?post=37139"}],"version-history":[{"count":1,"href":"https:\/\/nordeko.lv\/lv\/wp-json\/wp\/v2\/product\/37139\/revisions"}],"predecessor-version":[{"id":37180,"href":"https:\/\/nordeko.lv\/lv\/wp-json\/wp\/v2\/product\/37139\/revisions\/37180"}],"wp:featuredmedia":[{"embeddable":true,"href":"https:\/\/nordeko.lv\/lv\/wp-json\/wp\/v2\/media\/37179"}],"wp:attachment":[{"href":"https:\/\/nordeko.lv\/lv\/wp-json\/wp\/v2\/media?parent=37139"}],"wp:term":[{"taxonomy":"product_brand","embeddable":true,"href":"https:\/\/nordeko.lv\/lv\/wp-json\/wp\/v2\/product_brand?post=37139"},{"taxonomy":"product_cat","embeddable":true,"href":"https:\/\/nordeko.lv\/lv\/wp-json\/wp\/v2\/product_cat?post=37139"},{"taxonomy":"product_tag","embeddable":true,"href":"https:\/\/nordeko.lv\/lv\/wp-json\/wp\/v2\/product_tag?post=37139"}],"curies":[{"name":"wp","href":"https:\/\/api.w.org\/{rel}","templated":true}]}}