{"id":39117,"date":"2024-09-29T22:18:39","date_gmt":"2024-09-29T20:18:39","guid":{"rendered":"https:\/\/nw.nordeko.area.lv\/?post_type=product&#038;p=39117"},"modified":"2025-04-24T20:34:36","modified_gmt":"2025-04-24T18:34:36","slug":"azul-marino-supermatt-4587","status":"publish","type":"product","link":"https:\/\/nordeko.lv\/lv\/supermatt-luxe-platnes\/azul-marino-supermatt-4587\/","title":{"rendered":"Azul Marino supermatt"},"content":{"rendered":"<p>Pas\u016bt\u012bjuma minim\u0101lais daudzums 8 loksnes un 1 rullis mala<\/p>\n<p>Izpildes termi\u0146\u0161 &#8211; 8-12 ned\u0113\u013cas<\/p>\n<p>&nbsp;<\/p>\n<p>Iesp\u0113jams pas\u016bt\u012bt gatavas deta\u013cas&nbsp;<\/p>\n<p>Izpildes termi\u0146\u0161 &#8211; 4-12 ned\u0113\u013cas<\/p>\n<p>&nbsp;<\/p>\n<p>Augstas kvalit\u0101tes supermatt materi\u0101ls ar \u012bpa\u0161i augstu notur\u012bbu pret skr\u0101p\u0113jumiem.Otra pl\u0101tnes puse t\u0101da pa\u0161a dekora melamins. Pieejamas atbilsto\u0161as kr\u0101sas apdares malas.<\/p>\n<p>&nbsp;<\/p>\n<ul>\n<li>Materi\u0101li ir \u012bpa\u0161i piemeroti dizaina m\u0113be\u013cu izgatavo\u0161anai.<\/li>\n<li>Materi\u0101lus var apskat\u012bt un ieg\u0101d\u0101ties m\u016bsu biroj\u0101.<\/li>\n<\/ul>\n<p><a class=\"fancybox\" href=\"\/usercontent\/2202\/11111-2713.jpg\"><img loading=\"lazy\" decoding=\"async\" src=\"\/usercontent\/2202\/sm-11111-2713.jpg\" alt=\"\" width=\"610\" height=\"246\" \/><\/a><\/p>\n<p><a class=\"fancybox\" href=\"\/usercontent\/2105\/11sm-7635.jpg\"><img loading=\"lazy\" decoding=\"async\" src=\"\/usercontent\/2105\/11sm-7635.jpg\" alt=\"\" width=\"634\" height=\"280\" \/><\/a><\/p>\n<p>&nbsp;<\/p>\n<p><a class=\"fancybox\" href=\"\/usercontent\/2202\/zenit-azul-marino-sm-1-4455.jpg\"><img loading=\"lazy\" decoding=\"async\" src=\"\/usercontent\/2202\/sm-zenit-azul-marino-sm-1-4455.jpg\" alt=\"\" width=\"161\" height=\"350\" \/><\/a><\/p>\n","protected":false},"excerpt":{"rendered":"<p>Pas\u016bt\u012bjuma minim\u0101lais daudzums 8 loksnes un 1 rullis mala Izpildes termi\u0146\u0161 &#8211; 8-12 ned\u0113\u013cas &nbsp; Iesp\u0113jams pas\u016bt\u012bt gatavas deta\u013cas&nbsp; Izpildes<\/p>\n","protected":false},"featured_media":39148,"comment_status":"closed","ping_status":"closed","template":"","meta":[],"product_brand":[],"product_cat":[429],"product_tag":[],"class_list":{"0":"post-39117","1":"product","2":"type-product","3":"status-publish","4":"has-post-thumbnail","6":"product_cat-supermatt-luxe-platnes","8":"first","9":"instock","10":"taxable","11":"shipping-taxable","12":"purchasable","13":"product-type-simple"},"_links":{"self":[{"href":"https:\/\/nordeko.lv\/lv\/wp-json\/wp\/v2\/product\/39117","targetHints":{"allow":["GET"]}}],"collection":[{"href":"https:\/\/nordeko.lv\/lv\/wp-json\/wp\/v2\/product"}],"about":[{"href":"https:\/\/nordeko.lv\/lv\/wp-json\/wp\/v2\/types\/product"}],"replies":[{"embeddable":true,"href":"https:\/\/nordeko.lv\/lv\/wp-json\/wp\/v2\/comments?post=39117"}],"version-history":[{"count":1,"href":"https:\/\/nordeko.lv\/lv\/wp-json\/wp\/v2\/product\/39117\/revisions"}],"predecessor-version":[{"id":39149,"href":"https:\/\/nordeko.lv\/lv\/wp-json\/wp\/v2\/product\/39117\/revisions\/39149"}],"wp:featuredmedia":[{"embeddable":true,"href":"https:\/\/nordeko.lv\/lv\/wp-json\/wp\/v2\/media\/39148"}],"wp:attachment":[{"href":"https:\/\/nordeko.lv\/lv\/wp-json\/wp\/v2\/media?parent=39117"}],"wp:term":[{"taxonomy":"product_brand","embeddable":true,"href":"https:\/\/nordeko.lv\/lv\/wp-json\/wp\/v2\/product_brand?post=39117"},{"taxonomy":"product_cat","embeddable":true,"href":"https:\/\/nordeko.lv\/lv\/wp-json\/wp\/v2\/product_cat?post=39117"},{"taxonomy":"product_tag","embeddable":true,"href":"https:\/\/nordeko.lv\/lv\/wp-json\/wp\/v2\/product_tag?post=39117"}],"curies":[{"name":"wp","href":"https:\/\/api.w.org\/{rel}","templated":true}]}}