{"id":40871,"date":"2024-09-29T22:34:46","date_gmt":"2024-09-29T20:34:46","guid":{"rendered":"https:\/\/nw.nordeko.area.lv\/?post_type=product&#038;p=40871"},"modified":"2026-02-04T11:46:58","modified_gmt":"2026-02-04T09:46:58","slug":"8p3-grey-matt-5267","status":"publish","type":"product","link":"https:\/\/nordeko.lv\/lv\/green-spectrum\/8p3-grey-matt-5267\/","title":{"rendered":"8P3 Pel\u0113ks Matt"},"content":{"rendered":"<p>Kolekcija, kur\u0101 apvienots m\u016bsdien\u012bgs dizains ar vides apsv\u0113rumiem.<\/p>\n<ul>\n<li>Spectrum Green ir pl\u0101ksnes, kas p\u0101rkl\u0101tas ar melam\u012bnu un caursp\u012bd\u012bgu PET lamin\u0101tu, ar videi draudz\u012bgu skaidu pl\u0101t\u0146u substr\u0101tu, kas ieg\u016bts no 100% p\u0101rstr\u0101d\u0101ta koka<\/li>\n<li>Visas kr\u0101sas ir pieejamas divos variantos \u2013 sp\u012bd\u012bg\u0101 vai mat\u0113t\u0101<\/li>\n<li>Loksnes aizmugure\u00a0&#8211; melam\u012bna kr\u0101sa saska\u0146ota ar priek\u0161pusi<\/li>\n<li>Loksnes b\u0101ze &#8211; lamin\u0101ts (LKSP)<\/li>\n<li>P\u0101rdodas vesel\u0101s loksn\u0113s<\/li>\n<li>Uz pas\u016bt\u012bjumu &#8211; 1-3 ned\u0113\u013cas<\/li>\n<\/ul>\n","protected":false},"excerpt":{"rendered":"<p>Kolekcija, kur\u0101 apvienots m\u016bsdien\u012bgs dizains ar vides apsv\u0113rumiem. Spectrum Green ir pl\u0101ksnes, kas p\u0101rkl\u0101tas ar melam\u012bnu un caursp\u012bd\u012bgu PET lamin\u0101tu,<\/p>\n","protected":false},"featured_media":40920,"comment_status":"closed","ping_status":"closed","template":"","meta":[],"product_brand":[699],"product_cat":[1166],"product_tag":[],"class_list":{"0":"post-40871","1":"product","2":"type-product","3":"status-publish","4":"has-post-thumbnail","6":"product_brand-niemann","7":"product_cat-spectrum-green","9":"first","10":"instock","11":"taxable","12":"shipping-taxable","13":"purchasable","14":"product-type-simple"},"_links":{"self":[{"href":"https:\/\/nordeko.lv\/lv\/wp-json\/wp\/v2\/product\/40871","targetHints":{"allow":["GET"]}}],"collection":[{"href":"https:\/\/nordeko.lv\/lv\/wp-json\/wp\/v2\/product"}],"about":[{"href":"https:\/\/nordeko.lv\/lv\/wp-json\/wp\/v2\/types\/product"}],"replies":[{"embeddable":true,"href":"https:\/\/nordeko.lv\/lv\/wp-json\/wp\/v2\/comments?post=40871"}],"version-history":[{"count":3,"href":"https:\/\/nordeko.lv\/lv\/wp-json\/wp\/v2\/product\/40871\/revisions"}],"predecessor-version":[{"id":52410,"href":"https:\/\/nordeko.lv\/lv\/wp-json\/wp\/v2\/product\/40871\/revisions\/52410"}],"wp:featuredmedia":[{"embeddable":true,"href":"https:\/\/nordeko.lv\/lv\/wp-json\/wp\/v2\/media\/40920"}],"wp:attachment":[{"href":"https:\/\/nordeko.lv\/lv\/wp-json\/wp\/v2\/media?parent=40871"}],"wp:term":[{"taxonomy":"product_brand","embeddable":true,"href":"https:\/\/nordeko.lv\/lv\/wp-json\/wp\/v2\/product_brand?post=40871"},{"taxonomy":"product_cat","embeddable":true,"href":"https:\/\/nordeko.lv\/lv\/wp-json\/wp\/v2\/product_cat?post=40871"},{"taxonomy":"product_tag","embeddable":true,"href":"https:\/\/nordeko.lv\/lv\/wp-json\/wp\/v2\/product_tag?post=40871"}],"curies":[{"name":"wp","href":"https:\/\/api.w.org\/{rel}","templated":true}]}}