{"id":42201,"date":"2024-09-29T22:43:05","date_gmt":"2024-09-29T20:43:05","guid":{"rendered":"https:\/\/nw.nordeko.area.lv\/?post_type=product&#038;p=42201"},"modified":"2026-03-11T23:26:29","modified_gmt":"2026-03-11T21:26:29","slug":"acciaio-hamilton-5737","status":"publish","type":"product","link":"https:\/\/nordeko.lv\/lv\/fenix-platnes\/acciaio-hamilton-5737\/","title":{"rendered":"ACCIAIO HAMILTON"},"content":{"rendered":"","protected":false},"excerpt":{"rendered":"<p>Materi\u0101ls ir ar nano mat\u0113jumu, kuram piem\u012bt pa\u0161izlabo\u0161an\u0101s \u012bpa\u0161\u012bbas. Materi\u0101la iztur\u012bba ir pietieko\u0161i augsta, lai to lietotu k\u0101 virtuves virsmu, vai cit\u0101s horizont\u0101laj\u0101s plakn\u0113s.<\/p>\n","protected":false},"featured_media":42230,"comment_status":"closed","ping_status":"closed","template":"","meta":[],"product_brand":[],"product_cat":[441],"product_tag":[],"class_list":{"0":"post-42201","1":"product","2":"type-product","3":"status-publish","4":"has-post-thumbnail","6":"product_cat-fenix-platnes","8":"first","9":"instock","10":"taxable","11":"shipping-taxable","12":"purchasable","13":"product-type-simple"},"_links":{"self":[{"href":"https:\/\/nordeko.lv\/lv\/wp-json\/wp\/v2\/product\/42201","targetHints":{"allow":["GET"]}}],"collection":[{"href":"https:\/\/nordeko.lv\/lv\/wp-json\/wp\/v2\/product"}],"about":[{"href":"https:\/\/nordeko.lv\/lv\/wp-json\/wp\/v2\/types\/product"}],"replies":[{"embeddable":true,"href":"https:\/\/nordeko.lv\/lv\/wp-json\/wp\/v2\/comments?post=42201"}],"version-history":[{"count":2,"href":"https:\/\/nordeko.lv\/lv\/wp-json\/wp\/v2\/product\/42201\/revisions"}],"predecessor-version":[{"id":53006,"href":"https:\/\/nordeko.lv\/lv\/wp-json\/wp\/v2\/product\/42201\/revisions\/53006"}],"wp:featuredmedia":[{"embeddable":true,"href":"https:\/\/nordeko.lv\/lv\/wp-json\/wp\/v2\/media\/42230"}],"wp:attachment":[{"href":"https:\/\/nordeko.lv\/lv\/wp-json\/wp\/v2\/media?parent=42201"}],"wp:term":[{"taxonomy":"product_brand","embeddable":true,"href":"https:\/\/nordeko.lv\/lv\/wp-json\/wp\/v2\/product_brand?post=42201"},{"taxonomy":"product_cat","embeddable":true,"href":"https:\/\/nordeko.lv\/lv\/wp-json\/wp\/v2\/product_cat?post=42201"},{"taxonomy":"product_tag","embeddable":true,"href":"https:\/\/nordeko.lv\/lv\/wp-json\/wp\/v2\/product_tag?post=42201"}],"curies":[{"name":"wp","href":"https:\/\/api.w.org\/{rel}","templated":true}]}}