{"id":44700,"date":"2024-09-29T23:07:37","date_gmt":"2024-09-29T21:07:37","guid":{"rendered":"https:\/\/nw.nordeko.area.lv\/?post_type=product&#038;p=44700"},"modified":"2026-02-09T23:17:48","modified_gmt":"2026-02-09T21:17:48","slug":"ls-transformators-led-lampam-60-w-6635","status":"publish","type":"product","link":"https:\/\/nordeko.lv\/lv\/led-spuldzes\/ls-transformators-led-lampam-60-w-6635\/","title":{"rendered":"L&#038;S transform\u0101tors Led lamp\u0101m 60 W"},"content":{"rendered":"<div>Piem\u0113rots tikai Led lamp\u0101m<\/div>\n<div><\/div>\n<div>!!! nav piem\u0113rots Led lent\u0113m<\/div>\n<div><\/div>\n<div>\u2022 Jaudas ilgums: 60W<br \/>\n\u2022 IP44<br \/>\n\u2022 Str\u0101vas vads ar 1,5 m Europplug, bez sl\u0113d\u017ea<br \/>\n\u2022 60 W =&gt; 12 kontaktu savienot\u0101js LED gaismek\u013ciem<\/div>\n","protected":false},"excerpt":{"rendered":"<p>Piem\u0113rots tikai Led lamp\u0101m !!! nav piem\u0113rots Led lent\u0113m \u2022 Jaudas ilgums: 60W \u2022 IP44 \u2022 Str\u0101vas vads ar 1,5<\/p>\n","protected":false},"featured_media":44740,"comment_status":"closed","ping_status":"closed","template":"","meta":[],"product_brand":[],"product_cat":[1184],"product_tag":[],"class_list":{"0":"post-44700","1":"product","2":"type-product","3":"status-publish","4":"has-post-thumbnail","6":"product_cat-led-barosanas-bloki","8":"first","9":"instock","10":"taxable","11":"shipping-taxable","12":"purchasable","13":"product-type-simple"},"_links":{"self":[{"href":"https:\/\/nordeko.lv\/lv\/wp-json\/wp\/v2\/product\/44700","targetHints":{"allow":["GET"]}}],"collection":[{"href":"https:\/\/nordeko.lv\/lv\/wp-json\/wp\/v2\/product"}],"about":[{"href":"https:\/\/nordeko.lv\/lv\/wp-json\/wp\/v2\/types\/product"}],"replies":[{"embeddable":true,"href":"https:\/\/nordeko.lv\/lv\/wp-json\/wp\/v2\/comments?post=44700"}],"version-history":[{"count":2,"href":"https:\/\/nordeko.lv\/lv\/wp-json\/wp\/v2\/product\/44700\/revisions"}],"predecessor-version":[{"id":57405,"href":"https:\/\/nordeko.lv\/lv\/wp-json\/wp\/v2\/product\/44700\/revisions\/57405"}],"wp:featuredmedia":[{"embeddable":true,"href":"https:\/\/nordeko.lv\/lv\/wp-json\/wp\/v2\/media\/44740"}],"wp:attachment":[{"href":"https:\/\/nordeko.lv\/lv\/wp-json\/wp\/v2\/media?parent=44700"}],"wp:term":[{"taxonomy":"product_brand","embeddable":true,"href":"https:\/\/nordeko.lv\/lv\/wp-json\/wp\/v2\/product_brand?post=44700"},{"taxonomy":"product_cat","embeddable":true,"href":"https:\/\/nordeko.lv\/lv\/wp-json\/wp\/v2\/product_cat?post=44700"},{"taxonomy":"product_tag","embeddable":true,"href":"https:\/\/nordeko.lv\/lv\/wp-json\/wp\/v2\/product_tag?post=44700"}],"curies":[{"name":"wp","href":"https:\/\/api.w.org\/{rel}","templated":true}]}}