{"id":53672,"date":"2025-08-18T18:18:01","date_gmt":"2025-08-18T16:18:01","guid":{"rendered":"https:\/\/nordeko.lv\/?post_type=product&#038;p=53672"},"modified":"2025-08-18T18:19:21","modified_gmt":"2025-08-18T16:19:21","slug":"ventilacijas-reste-augseja-balta-900-mm","status":"publish","type":"product","link":"https:\/\/nordeko.lv\/lv\/ventilacijas-restes\/ventilacijas-reste-augseja-balta-900-mm\/","title":{"rendered":"Ventil\u0101cijas reste aug\u0161\u0113j\u0101 Balta 900 mm"},"content":{"rendered":"<p>Uz pas\u016bt\u012bjumu<\/p>\n<p>Ventil\u0101cijas reste Balta 900 mm<\/p>\n<p><a href=\"https:\/\/nordeko.lv\/wp-content\/uploads\/2025\/08\/8-linijas-aluminija-ventilacijas-reste.jpg\"><img loading=\"lazy\" decoding=\"async\" class=\"alignnone size-full wp-image-53669\" src=\"https:\/\/nordeko.lv\/wp-content\/uploads\/2025\/08\/8-linijas-aluminija-ventilacijas-reste.jpg\" alt=\"\" width=\"343\" height=\"187\" srcset=\"https:\/\/nordeko.lv\/wp-content\/uploads\/2025\/08\/8-linijas-aluminija-ventilacijas-reste.jpg 343w, https:\/\/nordeko.lv\/wp-content\/uploads\/2025\/08\/8-linijas-aluminija-ventilacijas-reste-18x10.jpg 18w, https:\/\/nordeko.lv\/wp-content\/uploads\/2025\/08\/8-linijas-aluminija-ventilacijas-reste-150x82.jpg 150w\" sizes=\"auto, (max-width: 343px) 100vw, 343px\" \/><\/a><\/p>\n<p><a href=\"https:\/\/nordeko.lv\/wp-content\/uploads\/2024\/09\/paraugs-virtuve-restes.jpg\"><img loading=\"lazy\" decoding=\"async\" class=\"alignnone size-medium wp-image-53661\" src=\"https:\/\/nordeko.lv\/wp-content\/uploads\/2024\/09\/paraugs-virtuve-restes-400x189.jpg\" alt=\"\" width=\"400\" height=\"189\" srcset=\"https:\/\/nordeko.lv\/wp-content\/uploads\/2024\/09\/paraugs-virtuve-restes-400x189.jpg 400w, https:\/\/nordeko.lv\/wp-content\/uploads\/2024\/09\/paraugs-virtuve-restes-1300x616.jpg 1300w, https:\/\/nordeko.lv\/wp-content\/uploads\/2024\/09\/paraugs-virtuve-restes-768x364.jpg 768w, https:\/\/nordeko.lv\/wp-content\/uploads\/2024\/09\/paraugs-virtuve-restes-1536x728.jpg 1536w, https:\/\/nordeko.lv\/wp-content\/uploads\/2024\/09\/paraugs-virtuve-restes-2048x970.jpg 2048w, https:\/\/nordeko.lv\/wp-content\/uploads\/2024\/09\/paraugs-virtuve-restes-18x9.jpg 18w, https:\/\/nordeko.lv\/wp-content\/uploads\/2024\/09\/paraugs-virtuve-restes-430x204.jpg 430w, https:\/\/nordeko.lv\/wp-content\/uploads\/2024\/09\/paraugs-virtuve-restes-700x332.jpg 700w, https:\/\/nordeko.lv\/wp-content\/uploads\/2024\/09\/paraugs-virtuve-restes-150x71.jpg 150w\" sizes=\"auto, (max-width: 400px) 100vw, 400px\" \/><\/a><\/p>\n","protected":false},"excerpt":{"rendered":"<p>Uz pas\u016bt\u012bjumu Ventil\u0101cijas reste Balta 900 mm<\/p>\n","protected":false},"featured_media":33004,"comment_status":"closed","ping_status":"closed","template":"","meta":[],"product_brand":[],"product_cat":[491],"product_tag":[],"class_list":{"0":"post-53672","1":"product","2":"type-product","3":"status-publish","4":"has-post-thumbnail","6":"product_cat-ventilacijas-restes","8":"first","9":"instock","10":"taxable","11":"shipping-taxable","12":"purchasable","13":"product-type-simple"},"_links":{"self":[{"href":"https:\/\/nordeko.lv\/lv\/wp-json\/wp\/v2\/product\/53672","targetHints":{"allow":["GET"]}}],"collection":[{"href":"https:\/\/nordeko.lv\/lv\/wp-json\/wp\/v2\/product"}],"about":[{"href":"https:\/\/nordeko.lv\/lv\/wp-json\/wp\/v2\/types\/product"}],"replies":[{"embeddable":true,"href":"https:\/\/nordeko.lv\/lv\/wp-json\/wp\/v2\/comments?post=53672"}],"version-history":[{"count":1,"href":"https:\/\/nordeko.lv\/lv\/wp-json\/wp\/v2\/product\/53672\/revisions"}],"predecessor-version":[{"id":53673,"href":"https:\/\/nordeko.lv\/lv\/wp-json\/wp\/v2\/product\/53672\/revisions\/53673"}],"wp:featuredmedia":[{"embeddable":true,"href":"https:\/\/nordeko.lv\/lv\/wp-json\/wp\/v2\/media\/33004"}],"wp:attachment":[{"href":"https:\/\/nordeko.lv\/lv\/wp-json\/wp\/v2\/media?parent=53672"}],"wp:term":[{"taxonomy":"product_brand","embeddable":true,"href":"https:\/\/nordeko.lv\/lv\/wp-json\/wp\/v2\/product_brand?post=53672"},{"taxonomy":"product_cat","embeddable":true,"href":"https:\/\/nordeko.lv\/lv\/wp-json\/wp\/v2\/product_cat?post=53672"},{"taxonomy":"product_tag","embeddable":true,"href":"https:\/\/nordeko.lv\/lv\/wp-json\/wp\/v2\/product_tag?post=53672"}],"curies":[{"name":"wp","href":"https:\/\/api.w.org\/{rel}","templated":true}]}}