{"id":57287,"date":"2026-02-05T16:10:55","date_gmt":"2026-02-05T14:10:55","guid":{"rendered":"https:\/\/nordeko.lv\/?post_type=product&#038;p=57287"},"modified":"2026-03-10T13:57:59","modified_gmt":"2026-03-10T11:57:59","slug":"galds-clarence-v","status":"publish","type":"product","link":"https:\/\/nordeko.lv\/lv\/galda-kajas\/galds-clarence-v\/","title":{"rendered":"Galds Clarence V"},"content":{"rendered":"<p>Pieejams NORDEKO noliktav\u0101.<\/p>\n<p>Izm\u0113ri :<br \/>\nGarums : 80 cm<br \/>\nPlatums: 59 cm<br \/>\nAugstums: 75 cm<\/p>\n<p><a href=\"https:\/\/nordeko.lv\/wp-content\/uploads\/2026\/02\/u5.jpeg\"><img loading=\"lazy\" decoding=\"async\" class=\"alignnone size-medium wp-image-57291\" src=\"https:\/\/nordeko.lv\/wp-content\/uploads\/2026\/02\/u5-169x300.jpeg\" alt=\"\" width=\"169\" height=\"300\" srcset=\"https:\/\/nordeko.lv\/wp-content\/uploads\/2026\/02\/u5-169x300.jpeg 169w, https:\/\/nordeko.lv\/wp-content\/uploads\/2026\/02\/u5-450x800.jpeg 450w, https:\/\/nordeko.lv\/wp-content\/uploads\/2026\/02\/u5-768x1365.jpeg 768w, https:\/\/nordeko.lv\/wp-content\/uploads\/2026\/02\/u5-864x1536.jpeg 864w, https:\/\/nordeko.lv\/wp-content\/uploads\/2026\/02\/u5-7x12.jpeg 7w, https:\/\/nordeko.lv\/wp-content\/uploads\/2026\/02\/u5-430x764.jpeg 430w, https:\/\/nordeko.lv\/wp-content\/uploads\/2026\/02\/u5-700x1244.jpeg 700w, https:\/\/nordeko.lv\/wp-content\/uploads\/2026\/02\/u5-150x267.jpeg 150w, https:\/\/nordeko.lv\/wp-content\/uploads\/2026\/02\/u5.jpeg 900w\" sizes=\"auto, (max-width: 169px) 100vw, 169px\" \/><\/a><a href=\"https:\/\/nordeko.lv\/wp-content\/uploads\/2026\/02\/u2.jpeg\"><img loading=\"lazy\" decoding=\"async\" class=\"alignnone size-medium wp-image-57288\" src=\"https:\/\/nordeko.lv\/wp-content\/uploads\/2026\/02\/u2-169x300.jpeg\" alt=\"\" width=\"169\" height=\"300\" srcset=\"https:\/\/nordeko.lv\/wp-content\/uploads\/2026\/02\/u2-169x300.jpeg 169w, https:\/\/nordeko.lv\/wp-content\/uploads\/2026\/02\/u2-450x800.jpeg 450w, https:\/\/nordeko.lv\/wp-content\/uploads\/2026\/02\/u2-768x1365.jpeg 768w, https:\/\/nordeko.lv\/wp-content\/uploads\/2026\/02\/u2-864x1536.jpeg 864w, https:\/\/nordeko.lv\/wp-content\/uploads\/2026\/02\/u2-7x12.jpeg 7w, https:\/\/nordeko.lv\/wp-content\/uploads\/2026\/02\/u2-430x764.jpeg 430w, https:\/\/nordeko.lv\/wp-content\/uploads\/2026\/02\/u2-700x1244.jpeg 700w, https:\/\/nordeko.lv\/wp-content\/uploads\/2026\/02\/u2-150x267.jpeg 150w, https:\/\/nordeko.lv\/wp-content\/uploads\/2026\/02\/u2.jpeg 900w\" sizes=\"auto, (max-width: 169px) 100vw, 169px\" \/><\/a><a href=\"https:\/\/nordeko.lv\/wp-content\/uploads\/2026\/02\/u6.jpeg\"><img loading=\"lazy\" decoding=\"async\" class=\"alignnone size-medium wp-image-57292\" src=\"https:\/\/nordeko.lv\/wp-content\/uploads\/2026\/02\/u6-169x300.jpeg\" alt=\"\" width=\"169\" height=\"300\" srcset=\"https:\/\/nordeko.lv\/wp-content\/uploads\/2026\/02\/u6-169x300.jpeg 169w, https:\/\/nordeko.lv\/wp-content\/uploads\/2026\/02\/u6-450x800.jpeg 450w, https:\/\/nordeko.lv\/wp-content\/uploads\/2026\/02\/u6-768x1365.jpeg 768w, https:\/\/nordeko.lv\/wp-content\/uploads\/2026\/02\/u6-864x1536.jpeg 864w, https:\/\/nordeko.lv\/wp-content\/uploads\/2026\/02\/u6-7x12.jpeg 7w, https:\/\/nordeko.lv\/wp-content\/uploads\/2026\/02\/u6-430x764.jpeg 430w, https:\/\/nordeko.lv\/wp-content\/uploads\/2026\/02\/u6-700x1244.jpeg 700w, https:\/\/nordeko.lv\/wp-content\/uploads\/2026\/02\/u6-150x267.jpeg 150w, https:\/\/nordeko.lv\/wp-content\/uploads\/2026\/02\/u6.jpeg 900w\" sizes=\"auto, (max-width: 169px) 100vw, 169px\" \/><\/a><\/p>\n<p><a href=\"https:\/\/nordeko.lv\/wp-content\/uploads\/2026\/02\/u3.jpeg\"><img loading=\"lazy\" decoding=\"async\" class=\"alignnone size-medium wp-image-57289\" src=\"https:\/\/nordeko.lv\/wp-content\/uploads\/2026\/02\/u3-400x225.jpeg\" alt=\"\" width=\"400\" height=\"225\" srcset=\"https:\/\/nordeko.lv\/wp-content\/uploads\/2026\/02\/u3-400x225.jpeg 400w, https:\/\/nordeko.lv\/wp-content\/uploads\/2026\/02\/u3-1300x731.jpeg 1300w, https:\/\/nordeko.lv\/wp-content\/uploads\/2026\/02\/u3-768x432.jpeg 768w, https:\/\/nordeko.lv\/wp-content\/uploads\/2026\/02\/u3-1536x864.jpeg 1536w, https:\/\/nordeko.lv\/wp-content\/uploads\/2026\/02\/u3-18x10.jpeg 18w, https:\/\/nordeko.lv\/wp-content\/uploads\/2026\/02\/u3-430x242.jpeg 430w, https:\/\/nordeko.lv\/wp-content\/uploads\/2026\/02\/u3-700x394.jpeg 700w, https:\/\/nordeko.lv\/wp-content\/uploads\/2026\/02\/u3-150x84.jpeg 150w, https:\/\/nordeko.lv\/wp-content\/uploads\/2026\/02\/u3.jpeg 1600w\" sizes=\"auto, (max-width: 400px) 100vw, 400px\" \/><\/a><\/p>\n<p><a href=\"https:\/\/nordeko.lv\/wp-content\/uploads\/2026\/02\/u4.jpeg\"><img loading=\"lazy\" decoding=\"async\" class=\"alignnone size-medium wp-image-57290\" src=\"https:\/\/nordeko.lv\/wp-content\/uploads\/2026\/02\/u4-400x225.jpeg\" alt=\"\" width=\"400\" height=\"225\" srcset=\"https:\/\/nordeko.lv\/wp-content\/uploads\/2026\/02\/u4-400x225.jpeg 400w, https:\/\/nordeko.lv\/wp-content\/uploads\/2026\/02\/u4-1300x731.jpeg 1300w, https:\/\/nordeko.lv\/wp-content\/uploads\/2026\/02\/u4-768x432.jpeg 768w, https:\/\/nordeko.lv\/wp-content\/uploads\/2026\/02\/u4-1536x864.jpeg 1536w, https:\/\/nordeko.lv\/wp-content\/uploads\/2026\/02\/u4-18x10.jpeg 18w, https:\/\/nordeko.lv\/wp-content\/uploads\/2026\/02\/u4-430x242.jpeg 430w, https:\/\/nordeko.lv\/wp-content\/uploads\/2026\/02\/u4-700x394.jpeg 700w, https:\/\/nordeko.lv\/wp-content\/uploads\/2026\/02\/u4-150x84.jpeg 150w, https:\/\/nordeko.lv\/wp-content\/uploads\/2026\/02\/u4.jpeg 1600w\" sizes=\"auto, (max-width: 400px) 100vw, 400px\" \/><\/a><\/p>\n<p>Pieejamas atsevi\u0161\u0137i melnas met\u0101la k\u0101jas galdam, darba galdam,virtuves galdam vai rakst\u0101mgaldam. Pla\u0161ais met\u0101la k\u0101ju kl\u0101sts.<\/p>\n<ul>\n<li>Galda k\u0101ju augstums: 710 mm<\/li>\n<li>Galda k\u0101ju platums: 580 mm<\/li>\n<li>Komplekt\u0101 ietilpst 2 galda k\u0101jas (izjaukt\u0101 veid\u0101)<\/li>\n<\/ul>\n<p><a href=\"https:\/\/nordeko.lv\/wp-content\/uploads\/2025\/07\/F15305-izmers-kajas.png\"><img loading=\"lazy\" decoding=\"async\" class=\"alignnone size-medium wp-image-52829\" src=\"https:\/\/nordeko.lv\/wp-content\/uploads\/2025\/07\/F15305-izmers-kajas-282x300.png\" alt=\"\" width=\"282\" height=\"300\" srcset=\"https:\/\/nordeko.lv\/wp-content\/uploads\/2025\/07\/F15305-izmers-kajas-282x300.png 282w, https:\/\/nordeko.lv\/wp-content\/uploads\/2025\/07\/F15305-izmers-kajas-11x12.png 11w, https:\/\/nordeko.lv\/wp-content\/uploads\/2025\/07\/F15305-izmers-kajas-430x458.png 430w, https:\/\/nordeko.lv\/wp-content\/uploads\/2025\/07\/F15305-izmers-kajas-150x160.png 150w, https:\/\/nordeko.lv\/wp-content\/uploads\/2025\/07\/F15305-izmers-kajas.png 552w\" sizes=\"auto, (max-width: 282px) 100vw, 282px\" \/><\/a><\/p>\n<p><a href=\"https:\/\/nordeko.lv\/wp-content\/uploads\/2025\/07\/kajas-komplektacija-galdam.png\"><img loading=\"lazy\" decoding=\"async\" class=\"alignnone size-medium wp-image-52832\" src=\"https:\/\/nordeko.lv\/wp-content\/uploads\/2025\/07\/kajas-komplektacija-galdam-373x300.png\" alt=\"\" width=\"373\" height=\"300\" srcset=\"https:\/\/nordeko.lv\/wp-content\/uploads\/2025\/07\/kajas-komplektacija-galdam-373x300.png 373w, https:\/\/nordeko.lv\/wp-content\/uploads\/2025\/07\/kajas-komplektacija-galdam-993x800.png 993w, https:\/\/nordeko.lv\/wp-content\/uploads\/2025\/07\/kajas-komplektacija-galdam-768x618.png 768w, https:\/\/nordeko.lv\/wp-content\/uploads\/2025\/07\/kajas-komplektacija-galdam-15x12.png 15w, https:\/\/nordeko.lv\/wp-content\/uploads\/2025\/07\/kajas-komplektacija-galdam-430x346.png 430w, https:\/\/nordeko.lv\/wp-content\/uploads\/2025\/07\/kajas-komplektacija-galdam-700x564.png 700w, https:\/\/nordeko.lv\/wp-content\/uploads\/2025\/07\/kajas-komplektacija-galdam-150x121.png 150w, https:\/\/nordeko.lv\/wp-content\/uploads\/2025\/07\/kajas-komplektacija-galdam.png 1068w\" sizes=\"auto, (max-width: 373px) 100vw, 373px\" \/><\/a><\/p>\n","protected":false},"excerpt":{"rendered":"<p>M\u016bsu dizainu raksturo izsmalcin\u0101ts dizains, kas jebkurai telpai pie\u0161\u0137ir modernu piesk\u0101rienu.<\/p>\n<p>\u0160is m\u016bsdien\u012bgais stils ne tikai uzlabo telpas est\u0113tiku, bet ar\u012b harmoniski sapl\u016bst ar da\u017e\u0101diem interjera dekoriem un stiliem. Augstas kvalit\u0101tes materi\u0101li, kas \u012bpa\u0161i izv\u0113l\u0113ti, lai iztur\u0113tu ikdienas lieto\u0161anas rad\u012bto nodilumu, nodro\u0161ina stabilit\u0101ti un ilgm\u016b\u017e\u012bbu.<\/p>\n","protected":false},"featured_media":58327,"comment_status":"open","ping_status":"closed","template":"","meta":[],"product_brand":[],"product_cat":[587,735],"product_tag":[],"class_list":{"0":"post-57287","1":"product","2":"type-product","3":"status-publish","4":"has-post-thumbnail","6":"product_cat-akcijas-mebeles","7":"product_cat-galda-kajas","9":"first","10":"instock","11":"taxable","12":"shipping-taxable","13":"purchasable","14":"product-type-simple"},"_links":{"self":[{"href":"https:\/\/nordeko.lv\/lv\/wp-json\/wp\/v2\/product\/57287","targetHints":{"allow":["GET"]}}],"collection":[{"href":"https:\/\/nordeko.lv\/lv\/wp-json\/wp\/v2\/product"}],"about":[{"href":"https:\/\/nordeko.lv\/lv\/wp-json\/wp\/v2\/types\/product"}],"replies":[{"embeddable":true,"href":"https:\/\/nordeko.lv\/lv\/wp-json\/wp\/v2\/comments?post=57287"}],"version-history":[{"count":1,"href":"https:\/\/nordeko.lv\/lv\/wp-json\/wp\/v2\/product\/57287\/revisions"}],"predecessor-version":[{"id":57294,"href":"https:\/\/nordeko.lv\/lv\/wp-json\/wp\/v2\/product\/57287\/revisions\/57294"}],"wp:featuredmedia":[{"embeddable":true,"href":"https:\/\/nordeko.lv\/lv\/wp-json\/wp\/v2\/media\/58327"}],"wp:attachment":[{"href":"https:\/\/nordeko.lv\/lv\/wp-json\/wp\/v2\/media?parent=57287"}],"wp:term":[{"taxonomy":"product_brand","embeddable":true,"href":"https:\/\/nordeko.lv\/lv\/wp-json\/wp\/v2\/product_brand?post=57287"},{"taxonomy":"product_cat","embeddable":true,"href":"https:\/\/nordeko.lv\/lv\/wp-json\/wp\/v2\/product_cat?post=57287"},{"taxonomy":"product_tag","embeddable":true,"href":"https:\/\/nordeko.lv\/lv\/wp-json\/wp\/v2\/product_tag?post=57287"}],"curies":[{"name":"wp","href":"https:\/\/api.w.org\/{rel}","templated":true}]}}