{"id":57296,"date":"2026-02-05T16:36:17","date_gmt":"2026-02-05T14:36:17","guid":{"rendered":"https:\/\/nordeko.lv\/?post_type=product&#038;p=57296"},"modified":"2026-02-05T16:42:46","modified_gmt":"2026-02-05T14:42:46","slug":"galds-clarence-x","status":"publish","type":"product","link":"https:\/\/nordeko.lv\/lv\/galda-kajas\/galds-clarence-x\/","title":{"rendered":"Galds Clarence X"},"content":{"rendered":"<p>Pieejams NORDEKO noliktav\u0101.<\/p>\n<p>Izm\u0113ri :<br \/>\nGarums : 90 cm<br \/>\nPlatums: 59 cm<br \/>\nAugstums: 75 cm<\/p>\n<p>&nbsp;<\/p>\n<p><a href=\"https:\/\/nordeko.lv\/wp-content\/uploads\/2026\/02\/x2.jpeg\"><img loading=\"lazy\" decoding=\"async\" class=\"alignnone size-medium wp-image-57297\" src=\"https:\/\/nordeko.lv\/wp-content\/uploads\/2026\/02\/x2-300x300.jpeg\" alt=\"\" width=\"300\" height=\"300\" srcset=\"https:\/\/nordeko.lv\/wp-content\/uploads\/2026\/02\/x2-300x300.jpeg 300w, https:\/\/nordeko.lv\/wp-content\/uploads\/2026\/02\/x2-800x800.jpeg 800w, https:\/\/nordeko.lv\/wp-content\/uploads\/2026\/02\/x2-150x150.jpeg 150w, https:\/\/nordeko.lv\/wp-content\/uploads\/2026\/02\/x2-768x768.jpeg 768w, https:\/\/nordeko.lv\/wp-content\/uploads\/2026\/02\/x2-12x12.jpeg 12w, https:\/\/nordeko.lv\/wp-content\/uploads\/2026\/02\/x2-430x430.jpeg 430w, https:\/\/nordeko.lv\/wp-content\/uploads\/2026\/02\/x2-700x700.jpeg 700w, https:\/\/nordeko.lv\/wp-content\/uploads\/2026\/02\/x2.jpeg 900w\" sizes=\"auto, (max-width: 300px) 100vw, 300px\" \/><\/a> <a href=\"https:\/\/nordeko.lv\/wp-content\/uploads\/2026\/02\/x4.jpeg\"><img loading=\"lazy\" decoding=\"async\" class=\"alignnone size-medium wp-image-57298\" src=\"https:\/\/nordeko.lv\/wp-content\/uploads\/2026\/02\/x4-356x300.jpeg\" alt=\"\" width=\"356\" height=\"300\" srcset=\"https:\/\/nordeko.lv\/wp-content\/uploads\/2026\/02\/x4-356x300.jpeg 356w, https:\/\/nordeko.lv\/wp-content\/uploads\/2026\/02\/x4-948x800.jpeg 948w, https:\/\/nordeko.lv\/wp-content\/uploads\/2026\/02\/x4-768x648.jpeg 768w, https:\/\/nordeko.lv\/wp-content\/uploads\/2026\/02\/x4-14x12.jpeg 14w, https:\/\/nordeko.lv\/wp-content\/uploads\/2026\/02\/x4-430x363.jpeg 430w, https:\/\/nordeko.lv\/wp-content\/uploads\/2026\/02\/x4-700x590.jpeg 700w, https:\/\/nordeko.lv\/wp-content\/uploads\/2026\/02\/x4-150x127.jpeg 150w, https:\/\/nordeko.lv\/wp-content\/uploads\/2026\/02\/x4.jpeg 1067w\" sizes=\"auto, (max-width: 356px) 100vw, 356px\" \/><\/a><\/p>\n<p><a href=\"https:\/\/nordeko.lv\/wp-content\/uploads\/2026\/02\/x5.jpeg\"><img loading=\"lazy\" decoding=\"async\" class=\"alignnone size-medium wp-image-57299\" src=\"https:\/\/nordeko.lv\/wp-content\/uploads\/2026\/02\/x5-300x300.jpeg\" alt=\"\" width=\"300\" height=\"300\" srcset=\"https:\/\/nordeko.lv\/wp-content\/uploads\/2026\/02\/x5-300x300.jpeg 300w, https:\/\/nordeko.lv\/wp-content\/uploads\/2026\/02\/x5-800x800.jpeg 800w, https:\/\/nordeko.lv\/wp-content\/uploads\/2026\/02\/x5-150x150.jpeg 150w, https:\/\/nordeko.lv\/wp-content\/uploads\/2026\/02\/x5-768x768.jpeg 768w, https:\/\/nordeko.lv\/wp-content\/uploads\/2026\/02\/x5-12x12.jpeg 12w, https:\/\/nordeko.lv\/wp-content\/uploads\/2026\/02\/x5-430x430.jpeg 430w, https:\/\/nordeko.lv\/wp-content\/uploads\/2026\/02\/x5-700x700.jpeg 700w, https:\/\/nordeko.lv\/wp-content\/uploads\/2026\/02\/x5-330x330.jpeg 330w, https:\/\/nordeko.lv\/wp-content\/uploads\/2026\/02\/x5.jpeg 900w\" sizes=\"auto, (max-width: 300px) 100vw, 300px\" \/><\/a> <a href=\"https:\/\/nordeko.lv\/wp-content\/uploads\/2026\/02\/x6.jpeg\"><img loading=\"lazy\" decoding=\"async\" class=\"alignnone size-medium wp-image-57300\" src=\"https:\/\/nordeko.lv\/wp-content\/uploads\/2026\/02\/x6-400x225.jpeg\" alt=\"\" width=\"400\" height=\"225\" srcset=\"https:\/\/nordeko.lv\/wp-content\/uploads\/2026\/02\/x6-400x225.jpeg 400w, https:\/\/nordeko.lv\/wp-content\/uploads\/2026\/02\/x6-1300x731.jpeg 1300w, https:\/\/nordeko.lv\/wp-content\/uploads\/2026\/02\/x6-768x432.jpeg 768w, https:\/\/nordeko.lv\/wp-content\/uploads\/2026\/02\/x6-1536x864.jpeg 1536w, https:\/\/nordeko.lv\/wp-content\/uploads\/2026\/02\/x6-18x10.jpeg 18w, https:\/\/nordeko.lv\/wp-content\/uploads\/2026\/02\/x6-430x242.jpeg 430w, https:\/\/nordeko.lv\/wp-content\/uploads\/2026\/02\/x6-700x394.jpeg 700w, https:\/\/nordeko.lv\/wp-content\/uploads\/2026\/02\/x6-150x84.jpeg 150w, https:\/\/nordeko.lv\/wp-content\/uploads\/2026\/02\/x6.jpeg 1600w\" sizes=\"auto, (max-width: 400px) 100vw, 400px\" \/><\/a><\/p>\n<p>&nbsp;<\/p>\n<p>Pieejamas atsevi\u0161\u0137i melnas met\u0101la k\u0101jas galdam, darba galdam,virtuves galdam vai rakst\u0101mgaldam. Pla\u0161ais met\u0101la k\u0101ju kl\u0101sts.<\/p>\n<ul>\n<li>Galda k\u0101ju augstums: 710 mm<\/li>\n<li>Galda k\u0101ju platums: 580 mm<\/li>\n<li>Komplekt\u0101 ietilpst 2 galda k\u0101jas (izjaukt\u0101 veid\u0101)<\/li>\n<\/ul>\n<p>&nbsp;<\/p>\n<p>K\u0101 ar\u012b pieejams NORDEKO noliktav\u0101.<\/p>\n<p>Melnas met\u0101la k\u0101jas galdam, darba galdam,virtuves galdam vai rakst\u0101mgaldam. Pla\u0161ais met\u0101la k\u0101ju kl\u0101sts.<\/p>\n<ul>\n<li>Galda k\u0101ju augstums: 710 mm<\/li>\n<li>Galda k\u0101ju platums: 580 mm<\/li>\n<li>Komplekt\u0101 ietilpst 2 galda k\u0101jas (izjaukt\u0101 veid\u0101)<\/li>\n<li>Ir pieejami divi augstumi 710 mm (F153101), un 400 mm (F153111)<\/li>\n<\/ul>\n<p><a href=\"https:\/\/nordeko.lv\/wp-content\/uploads\/2025\/07\/f15310-un-f15311-melnas-kajas-x-veida.png\"><img loading=\"lazy\" decoding=\"async\" class=\"alignnone size-medium wp-image-52795\" src=\"https:\/\/nordeko.lv\/wp-content\/uploads\/2025\/07\/f15310-un-f15311-melnas-kajas-x-veida-400x178.png\" sizes=\"auto, (max-width: 400px) 100vw, 400px\" srcset=\"https:\/\/nordeko.lv\/wp-content\/uploads\/2025\/07\/f15310-un-f15311-melnas-kajas-x-veida-400x178.png 400w, https:\/\/nordeko.lv\/wp-content\/uploads\/2025\/07\/f15310-un-f15311-melnas-kajas-x-veida-18x8.png 18w, https:\/\/nordeko.lv\/wp-content\/uploads\/2025\/07\/f15310-un-f15311-melnas-kajas-x-veida-430x191.png 430w, https:\/\/nordeko.lv\/wp-content\/uploads\/2025\/07\/f15310-un-f15311-melnas-kajas-x-veida-150x67.png 150w, https:\/\/nordeko.lv\/wp-content\/uploads\/2025\/07\/f15310-un-f15311-melnas-kajas-x-veida.png 508w\" alt=\"\" width=\"400\" height=\"178\" \/><\/a><\/p>\n<p><a href=\"https:\/\/nordeko.lv\/wp-content\/uploads\/2025\/07\/f15301-abas-kajas.png\"><img loading=\"lazy\" decoding=\"async\" class=\"alignnone size-medium wp-image-52794\" src=\"https:\/\/nordeko.lv\/wp-content\/uploads\/2025\/07\/f15301-abas-kajas-254x300.png\" sizes=\"auto, (max-width: 254px) 100vw, 254px\" srcset=\"https:\/\/nordeko.lv\/wp-content\/uploads\/2025\/07\/f15301-abas-kajas-254x300.png 254w, https:\/\/nordeko.lv\/wp-content\/uploads\/2025\/07\/f15301-abas-kajas-10x12.png 10w, https:\/\/nordeko.lv\/wp-content\/uploads\/2025\/07\/f15301-abas-kajas-430x508.png 430w, https:\/\/nordeko.lv\/wp-content\/uploads\/2025\/07\/f15301-abas-kajas-150x177.png 150w, https:\/\/nordeko.lv\/wp-content\/uploads\/2025\/07\/f15301-abas-kajas.png 450w\" alt=\"\" width=\"254\" height=\"300\" \/><\/a><\/p>\n","protected":false},"excerpt":{"rendered":"<p>M\u016bsu dizainu raksturo izsmalcin\u0101ts dizains, kas jebkurai telpai pie\u0161\u0137ir modernu piesk\u0101rienu.<\/p>\n<p>\u0160is m\u016bsdien\u012bgais stils ne tikai uzlabo telpas est\u0113tiku, bet ar\u012b harmoniski sapl\u016bst ar da\u017e\u0101diem interjera dekoriem un stiliem. Augstas kvalit\u0101tes materi\u0101li, kas \u012bpa\u0161i izv\u0113l\u0113ti, lai iztur\u0113tu ikdienas lieto\u0161anas rad\u012bto nodilumu, nodro\u0161ina stabilit\u0101ti un ilgm\u016b\u017e\u012bbu.<\/p>\n","protected":false},"featured_media":57299,"comment_status":"open","ping_status":"closed","template":"","meta":[],"product_brand":[],"product_cat":[587,735],"product_tag":[],"class_list":{"0":"post-57296","1":"product","2":"type-product","3":"status-publish","4":"has-post-thumbnail","6":"product_cat-akcijas-mebeles","7":"product_cat-galda-kajas","9":"first","10":"instock","11":"taxable","12":"shipping-taxable","13":"purchasable","14":"product-type-simple"},"_links":{"self":[{"href":"https:\/\/nordeko.lv\/lv\/wp-json\/wp\/v2\/product\/57296","targetHints":{"allow":["GET"]}}],"collection":[{"href":"https:\/\/nordeko.lv\/lv\/wp-json\/wp\/v2\/product"}],"about":[{"href":"https:\/\/nordeko.lv\/lv\/wp-json\/wp\/v2\/types\/product"}],"replies":[{"embeddable":true,"href":"https:\/\/nordeko.lv\/lv\/wp-json\/wp\/v2\/comments?post=57296"}],"version-history":[{"count":1,"href":"https:\/\/nordeko.lv\/lv\/wp-json\/wp\/v2\/product\/57296\/revisions"}],"predecessor-version":[{"id":57301,"href":"https:\/\/nordeko.lv\/lv\/wp-json\/wp\/v2\/product\/57296\/revisions\/57301"}],"wp:featuredmedia":[{"embeddable":true,"href":"https:\/\/nordeko.lv\/lv\/wp-json\/wp\/v2\/media\/57299"}],"wp:attachment":[{"href":"https:\/\/nordeko.lv\/lv\/wp-json\/wp\/v2\/media?parent=57296"}],"wp:term":[{"taxonomy":"product_brand","embeddable":true,"href":"https:\/\/nordeko.lv\/lv\/wp-json\/wp\/v2\/product_brand?post=57296"},{"taxonomy":"product_cat","embeddable":true,"href":"https:\/\/nordeko.lv\/lv\/wp-json\/wp\/v2\/product_cat?post=57296"},{"taxonomy":"product_tag","embeddable":true,"href":"https:\/\/nordeko.lv\/lv\/wp-json\/wp\/v2\/product_tag?post=57296"}],"curies":[{"name":"wp","href":"https:\/\/api.w.org\/{rel}","templated":true}]}}