{"id":57302,"date":"2026-02-05T17:21:24","date_gmt":"2026-02-05T15:21:24","guid":{"rendered":"https:\/\/nordeko.lv\/?post_type=product&#038;p=57302"},"modified":"2026-02-05T17:34:17","modified_gmt":"2026-02-05T15:34:17","slug":"galds-clarence-u","status":"publish","type":"product","link":"https:\/\/nordeko.lv\/lv\/galda-kajas\/galds-clarence-u\/","title":{"rendered":"Galds Clarence U"},"content":{"rendered":"<p>Komplekts pieejams NORDEKO noliktav\u0101 salikt\u0101 veid\u0101.<\/p>\n<p>Izm\u0113ri :<br \/>\nGarums : 70 cm<br \/>\nPlatums: 59,5 cm<br \/>\nAugstums: 75 cm<\/p>\n<p><a href=\"https:\/\/nordeko.lv\/wp-content\/uploads\/2026\/02\/a1.jpeg\"><img loading=\"lazy\" decoding=\"async\" class=\"alignnone size-medium wp-image-57303\" src=\"https:\/\/nordeko.lv\/wp-content\/uploads\/2026\/02\/a1-400x225.jpeg\" alt=\"\" width=\"400\" height=\"225\" srcset=\"https:\/\/nordeko.lv\/wp-content\/uploads\/2026\/02\/a1-400x225.jpeg 400w, https:\/\/nordeko.lv\/wp-content\/uploads\/2026\/02\/a1-1300x731.jpeg 1300w, https:\/\/nordeko.lv\/wp-content\/uploads\/2026\/02\/a1-768x432.jpeg 768w, https:\/\/nordeko.lv\/wp-content\/uploads\/2026\/02\/a1-1536x864.jpeg 1536w, https:\/\/nordeko.lv\/wp-content\/uploads\/2026\/02\/a1-18x10.jpeg 18w, https:\/\/nordeko.lv\/wp-content\/uploads\/2026\/02\/a1-430x242.jpeg 430w, https:\/\/nordeko.lv\/wp-content\/uploads\/2026\/02\/a1-700x394.jpeg 700w, https:\/\/nordeko.lv\/wp-content\/uploads\/2026\/02\/a1-150x84.jpeg 150w, https:\/\/nordeko.lv\/wp-content\/uploads\/2026\/02\/a1.jpeg 1600w\" sizes=\"auto, (max-width: 400px) 100vw, 400px\" \/><\/a> <a href=\"https:\/\/nordeko.lv\/wp-content\/uploads\/2026\/02\/a2.jpeg\"><img loading=\"lazy\" decoding=\"async\" class=\"alignnone size-medium wp-image-57304\" src=\"https:\/\/nordeko.lv\/wp-content\/uploads\/2026\/02\/a2-400x225.jpeg\" alt=\"\" width=\"400\" height=\"225\" srcset=\"https:\/\/nordeko.lv\/wp-content\/uploads\/2026\/02\/a2-400x225.jpeg 400w, https:\/\/nordeko.lv\/wp-content\/uploads\/2026\/02\/a2-1300x731.jpeg 1300w, https:\/\/nordeko.lv\/wp-content\/uploads\/2026\/02\/a2-768x432.jpeg 768w, https:\/\/nordeko.lv\/wp-content\/uploads\/2026\/02\/a2-1536x864.jpeg 1536w, https:\/\/nordeko.lv\/wp-content\/uploads\/2026\/02\/a2-18x10.jpeg 18w, https:\/\/nordeko.lv\/wp-content\/uploads\/2026\/02\/a2-430x242.jpeg 430w, https:\/\/nordeko.lv\/wp-content\/uploads\/2026\/02\/a2-700x394.jpeg 700w, https:\/\/nordeko.lv\/wp-content\/uploads\/2026\/02\/a2-150x84.jpeg 150w, https:\/\/nordeko.lv\/wp-content\/uploads\/2026\/02\/a2.jpeg 1600w\" sizes=\"auto, (max-width: 400px) 100vw, 400px\" \/><\/a><\/p>\n<p><a href=\"https:\/\/nordeko.lv\/wp-content\/uploads\/2026\/02\/a3.jpeg\"><img loading=\"lazy\" decoding=\"async\" class=\"alignnone size-medium wp-image-57306\" src=\"https:\/\/nordeko.lv\/wp-content\/uploads\/2026\/02\/a3-400x225.jpeg\" alt=\"\" width=\"400\" height=\"225\" srcset=\"https:\/\/nordeko.lv\/wp-content\/uploads\/2026\/02\/a3-400x225.jpeg 400w, https:\/\/nordeko.lv\/wp-content\/uploads\/2026\/02\/a3-1300x731.jpeg 1300w, https:\/\/nordeko.lv\/wp-content\/uploads\/2026\/02\/a3-768x432.jpeg 768w, https:\/\/nordeko.lv\/wp-content\/uploads\/2026\/02\/a3-1536x864.jpeg 1536w, https:\/\/nordeko.lv\/wp-content\/uploads\/2026\/02\/a3-18x10.jpeg 18w, https:\/\/nordeko.lv\/wp-content\/uploads\/2026\/02\/a3-430x242.jpeg 430w, https:\/\/nordeko.lv\/wp-content\/uploads\/2026\/02\/a3-700x394.jpeg 700w, https:\/\/nordeko.lv\/wp-content\/uploads\/2026\/02\/a3-150x84.jpeg 150w, https:\/\/nordeko.lv\/wp-content\/uploads\/2026\/02\/a3.jpeg 1600w\" sizes=\"auto, (max-width: 400px) 100vw, 400px\" \/><\/a><\/p>\n<p><a href=\"https:\/\/nordeko.lv\/wp-content\/uploads\/2026\/02\/a4.jpeg\"><img loading=\"lazy\" decoding=\"async\" class=\"alignnone size-medium wp-image-57305\" src=\"https:\/\/nordeko.lv\/wp-content\/uploads\/2026\/02\/a4-169x300.jpeg\" alt=\"\" width=\"169\" height=\"300\" srcset=\"https:\/\/nordeko.lv\/wp-content\/uploads\/2026\/02\/a4-169x300.jpeg 169w, https:\/\/nordeko.lv\/wp-content\/uploads\/2026\/02\/a4-450x800.jpeg 450w, https:\/\/nordeko.lv\/wp-content\/uploads\/2026\/02\/a4-768x1365.jpeg 768w, https:\/\/nordeko.lv\/wp-content\/uploads\/2026\/02\/a4-864x1536.jpeg 864w, https:\/\/nordeko.lv\/wp-content\/uploads\/2026\/02\/a4-7x12.jpeg 7w, https:\/\/nordeko.lv\/wp-content\/uploads\/2026\/02\/a4-430x764.jpeg 430w, https:\/\/nordeko.lv\/wp-content\/uploads\/2026\/02\/a4-700x1244.jpeg 700w, https:\/\/nordeko.lv\/wp-content\/uploads\/2026\/02\/a4-150x267.jpeg 150w, https:\/\/nordeko.lv\/wp-content\/uploads\/2026\/02\/a4.jpeg 900w\" sizes=\"auto, (max-width: 169px) 100vw, 169px\" \/><\/a><\/p>\n<p>&nbsp;<\/p>\n<p>Pieejams atsevi\u0161\u0137i NORDEKO noliktav\u0101, melnas met\u0101la k\u0101jas galdam, darba galdam,virtuves galdam vai rakst\u0101mgaldam. Pla\u0161ais met\u0101la k\u0101ju kl\u0101sts.<\/p>\n<ul>\n<li>Galda k\u0101ju augstums: 710 mm<\/li>\n<li>Galda k\u0101ju platums: 580 mm<\/li>\n<li>Komplekt\u0101 ietilpst 2 galda k\u0101jas (izjaukt\u0101 veid\u0101)<\/li>\n<\/ul>\n<p><a href=\"https:\/\/nordeko.lv\/wp-content\/uploads\/2025\/07\/f15300-izmers-kajas.png\"><img loading=\"lazy\" decoding=\"async\" class=\"alignnone size-medium wp-image-52824\" src=\"https:\/\/nordeko.lv\/wp-content\/uploads\/2025\/07\/f15300-izmers-kajas-243x300.png\" sizes=\"auto, (max-width: 243px) 100vw, 243px\" srcset=\"https:\/\/nordeko.lv\/wp-content\/uploads\/2025\/07\/f15300-izmers-kajas-243x300.png 243w, https:\/\/nordeko.lv\/wp-content\/uploads\/2025\/07\/f15300-izmers-kajas-10x12.png 10w, https:\/\/nordeko.lv\/wp-content\/uploads\/2025\/07\/f15300-izmers-kajas-430x531.png 430w, https:\/\/nordeko.lv\/wp-content\/uploads\/2025\/07\/f15300-izmers-kajas-150x185.png 150w, https:\/\/nordeko.lv\/wp-content\/uploads\/2025\/07\/f15300-izmers-kajas.png 442w\" alt=\"\" width=\"243\" height=\"300\" \/><\/a><\/p>\n","protected":false},"excerpt":{"rendered":"<p>M\u016bsu dizainu raksturo izsmalcin\u0101ts dizains, kas jebkurai telpai pie\u0161\u0137ir modernu piesk\u0101rienu.<\/p>\n<p>\u0160is m\u016bsdien\u012bgais stils ne tikai uzlabo telpas est\u0113tiku, bet ar\u012b harmoniski sapl\u016bst ar da\u017e\u0101diem interjera dekoriem un stiliem. Augstas kvalit\u0101tes materi\u0101li, kas \u012bpa\u0161i izv\u0113l\u0113ti, lai iztur\u0113tu ikdienas lieto\u0161anas rad\u012bto nodilumu, nodro\u0161ina stabilit\u0101ti un ilgm\u016b\u017e\u012bbu.<\/p>\n","protected":false},"featured_media":57307,"comment_status":"open","ping_status":"closed","template":"","meta":[],"product_brand":[],"product_cat":[587,735],"product_tag":[],"class_list":{"0":"post-57302","1":"product","2":"type-product","3":"status-publish","4":"has-post-thumbnail","6":"product_cat-akcijas-mebeles","7":"product_cat-galda-kajas","9":"first","10":"instock","11":"taxable","12":"shipping-taxable","13":"purchasable","14":"product-type-simple"},"_links":{"self":[{"href":"https:\/\/nordeko.lv\/lv\/wp-json\/wp\/v2\/product\/57302","targetHints":{"allow":["GET"]}}],"collection":[{"href":"https:\/\/nordeko.lv\/lv\/wp-json\/wp\/v2\/product"}],"about":[{"href":"https:\/\/nordeko.lv\/lv\/wp-json\/wp\/v2\/types\/product"}],"replies":[{"embeddable":true,"href":"https:\/\/nordeko.lv\/lv\/wp-json\/wp\/v2\/comments?post=57302"}],"version-history":[{"count":1,"href":"https:\/\/nordeko.lv\/lv\/wp-json\/wp\/v2\/product\/57302\/revisions"}],"predecessor-version":[{"id":57309,"href":"https:\/\/nordeko.lv\/lv\/wp-json\/wp\/v2\/product\/57302\/revisions\/57309"}],"wp:featuredmedia":[{"embeddable":true,"href":"https:\/\/nordeko.lv\/lv\/wp-json\/wp\/v2\/media\/57307"}],"wp:attachment":[{"href":"https:\/\/nordeko.lv\/lv\/wp-json\/wp\/v2\/media?parent=57302"}],"wp:term":[{"taxonomy":"product_brand","embeddable":true,"href":"https:\/\/nordeko.lv\/lv\/wp-json\/wp\/v2\/product_brand?post=57302"},{"taxonomy":"product_cat","embeddable":true,"href":"https:\/\/nordeko.lv\/lv\/wp-json\/wp\/v2\/product_cat?post=57302"},{"taxonomy":"product_tag","embeddable":true,"href":"https:\/\/nordeko.lv\/lv\/wp-json\/wp\/v2\/product_tag?post=57302"}],"curies":[{"name":"wp","href":"https:\/\/api.w.org\/{rel}","templated":true}]}}